{"id":114,"date":"2015-09-21T19:46:40","date_gmt":"2015-09-21T17:46:40","guid":{"rendered":"http:\/\/xn--vrstetter-miteinander-hec.de\/?page_id=114"},"modified":"2023-02-10T17:54:03","modified_gmt":"2023-02-10T16:54:03","slug":"buergertreff","status":"publish","type":"page","link":"https:\/\/xn--vrstetter-miteinander-hec.de\/?page_id=114","title":{"rendered":"Roteux-Treff"},"content":{"rendered":"<h4>Wir sind in den Begegnungsraum im Roteux Quartier ein- gezogen und fu\u0308llen ihn mit Leben, dank des vielseitigen Engagements zahlreicher ehrenamtlicher Helferinnen und Helfer. Die Bu\u0308rgerbegegnungssta\u0308tte im Dorf steht allen Altersgruppen offen und eignet sich fu\u0308r verschiedenste Zielgruppen.<\/h4>\n<h4 style=\"font-weight: 400;\">Genutzt wird dieser Ort bereits fu\u0308r<\/h4>\n<ul>\n<li>\n<h4>Kaffee, Kuchen und offenes Singen immer am ersten Dienstag im Monat wird bereichert mit Chorauftritten, Theaterelementen und Lesungen<\/h4>\n<\/li>\n<li>\n<h4>Mittwochskino mit Nachmittags- und Abendfilmen<\/h4>\n<\/li>\n<li>\n<h4>&#8220; Spa\u00dfzeit&#8220; f\u00fcr V\u00f6rstetter Kinder im Alter von 5 bis 6 Jahren zum\u00a0 gemeinsamen Spielen, Singen,\u00a0 Tanzen und einfach Spa\u00dfmachen<\/h4>\n<\/li>\n<li>\n<h4>Lesungen<\/h4>\n<\/li>\n<li>\n<h4>Jahreszeitlich abgestimmte Bastelangebote fu\u0308r Kinder,Jugendliche und Erwachsene<\/h4>\n<\/li>\n<li>\n<h4>Nordic Walking immer donnerstags<\/h4>\n<\/li>\n<li>\n<h4>Vortra\u0308ge und Informationsveranstaltungen in Zusammenarbeit mit dem Caritasverband fu\u0308r den Landkreis Emmendingen e.V.<\/h4>\n<\/li>\n<\/ul>\n<h4 style=\"font-weight: 400;\">Wir sammeln immer wieder Ideen und Anregungen, die das gemeinsame Miteinander weiterhin unterstu\u0308tzen. Wir freuen uns auf Kooperationspartner wie Gemeinde und Kirchen, auch halten wir eine Zusammenarbeit mit allen Vereinen unserer Gemeinde fu\u0308r sinnvoll und wu\u0308nschenswert.<\/h4>\n<h4 style=\"font-weight: 400;\">Ihre Ansprechpartnerin:<\/h4>\n<h4><span style=\"font-weight: 400;\">Wilma Raynor, Tel. 2518<\/span><\/h4>\n<p><a href=\"https:\/\/xn--vrstetter-miteinander-hec.de\/wp-content\/uploads\/2022\/08\/Roteux-Treff.jpg\"><img loading=\"lazy\" decoding=\"async\" class=\"alignnone wp-image-2023 size-large\" src=\"https:\/\/xn--vrstetter-miteinander-hec.de\/wp-content\/uploads\/2022\/08\/Roteux-Treff-819x1024.jpg\" alt=\"\" width=\"640\" height=\"800\" srcset=\"https:\/\/xn--vrstetter-miteinander-hec.de\/wp-content\/uploads\/2022\/08\/Roteux-Treff-819x1024.jpg 819w, https:\/\/xn--vrstetter-miteinander-hec.de\/wp-content\/uploads\/2022\/08\/Roteux-Treff-240x300.jpg 240w, https:\/\/xn--vrstetter-miteinander-hec.de\/wp-content\/uploads\/2022\/08\/Roteux-Treff-768x960.jpg 768w, https:\/\/xn--vrstetter-miteinander-hec.de\/wp-content\/uploads\/2022\/08\/Roteux-Treff.jpg 1200w\" sizes=\"auto, (max-width: 640px) 100vw, 640px\" \/><\/a><\/p>\n","protected":false},"excerpt":{"rendered":"<p>Wir sind in den Begegnungsraum im Roteux Quartier ein- gezogen und fu\u0308llen ihn mit Leben, dank des vielseitigen Engagements zahlreicher ehrenamtlicher Helferinnen und Helfer. Die Bu\u0308rgerbegegnungssta\u0308tte im Dorf steht allen Altersgruppen offen und eignet sich fu\u0308r verschiedenste Zielgruppen. Genutzt wird &hellip; <a href=\"https:\/\/xn--vrstetter-miteinander-hec.de\/?page_id=114\">Weiterlesen <span class=\"meta-nav\">&rarr;<\/span><\/a><\/p>\n","protected":false},"author":4,"featured_media":0,"parent":0,"menu_order":320,"comment_status":"closed","ping_status":"closed","template":"onecolumn-page.php","meta":{"footnotes":""},"class_list":["post-114","page","type-page","status-publish","hentry"],"_links":{"self":[{"href":"https:\/\/xn--vrstetter-miteinander-hec.de\/index.php?rest_route=\/wp\/v2\/pages\/114","targetHints":{"allow":["GET"]}}],"collection":[{"href":"https:\/\/xn--vrstetter-miteinander-hec.de\/index.php?rest_route=\/wp\/v2\/pages"}],"about":[{"href":"https:\/\/xn--vrstetter-miteinander-hec.de\/index.php?rest_route=\/wp\/v2\/types\/page"}],"author":[{"embeddable":true,"href":"https:\/\/xn--vrstetter-miteinander-hec.de\/index.php?rest_route=\/wp\/v2\/users\/4"}],"replies":[{"embeddable":true,"href":"https:\/\/xn--vrstetter-miteinander-hec.de\/index.php?rest_route=%2Fwp%2Fv2%2Fcomments&post=114"}],"version-history":[{"count":31,"href":"https:\/\/xn--vrstetter-miteinander-hec.de\/index.php?rest_route=\/wp\/v2\/pages\/114\/revisions"}],"predecessor-version":[{"id":2276,"href":"https:\/\/xn--vrstetter-miteinander-hec.de\/index.php?rest_route=\/wp\/v2\/pages\/114\/revisions\/2276"}],"wp:attachment":[{"href":"https:\/\/xn--vrstetter-miteinander-hec.de\/index.php?rest_route=%2Fwp%2Fv2%2Fmedia&parent=114"}],"curies":[{"name":"wp","href":"https:\/\/api.w.org\/{rel}","templated":true}]}}