{"id":1179,"date":"2018-05-20T12:53:01","date_gmt":"2018-05-20T10:53:01","guid":{"rendered":"http:\/\/xn--vrstetter-miteinander-hec.de\/?page_id=1179"},"modified":"2018-05-20T12:59:44","modified_gmt":"2018-05-20T10:59:44","slug":"2015-2","status":"publish","type":"page","link":"https:\/\/xn--vrstetter-miteinander-hec.de\/?page_id=1179","title":{"rendered":"2015"},"content":{"rendered":"<p><a href=\"http:\/\/xn--vrstetter-miteinander-hec.de\/?attachment_id=339\" rel=\"attachment wp-att-339\"><img loading=\"lazy\" decoding=\"async\" class=\"aligncenter wp-image-339 size-medium\" src=\"http:\/\/xn--vrstetter-miteinander-hec.de\/wp-content\/uploads\/2015\/10\/3.-V\u00f6stetter-Kinoabend-20001-239x300.jpg\" alt=\"3. V\u00f6stetter Kinoabend 20001\" width=\"239\" height=\"300\" srcset=\"https:\/\/xn--vrstetter-miteinander-hec.de\/wp-content\/uploads\/2015\/10\/3.-V\u00f6stetter-Kinoabend-20001-239x300.jpg 239w, https:\/\/xn--vrstetter-miteinander-hec.de\/wp-content\/uploads\/2015\/10\/3.-V\u00f6stetter-Kinoabend-20001-814x1024.jpg 814w, https:\/\/xn--vrstetter-miteinander-hec.de\/wp-content\/uploads\/2015\/10\/3.-V\u00f6stetter-Kinoabend-20001.jpg 1598w\" sizes=\"auto, (max-width: 239px) 100vw, 239px\" \/><\/a><\/p>\n<div id=\"attachment_436\" style=\"width: 650px\" class=\"wp-caption alignnone\"><a href=\"http:\/\/xn--vrstetter-miteinander-hec.de\/?attachment_id=436\" rel=\"attachment wp-att-436\"><img loading=\"lazy\" decoding=\"async\" aria-describedby=\"caption-attachment-436\" class=\"wp-image-436 size-large\" src=\"http:\/\/xn--vrstetter-miteinander-hec.de\/wp-content\/uploads\/2015\/11\/IMG_2270-1024x768.jpg\" alt=\"\" width=\"640\" height=\"480\" srcset=\"https:\/\/xn--vrstetter-miteinander-hec.de\/wp-content\/uploads\/2015\/11\/IMG_2270-1024x768.jpg 1024w, https:\/\/xn--vrstetter-miteinander-hec.de\/wp-content\/uploads\/2015\/11\/IMG_2270-300x225.jpg 300w\" sizes=\"auto, (max-width: 640px) 100vw, 640px\" \/><\/a><p id=\"caption-attachment-436\" class=\"wp-caption-text\">Tr\u00e4umt in unserem V\u00f6rstetten nicht auch der eine oder andere vom gro\u00dfen Lottogl\u00fcck? Max Ro\u00dfkopf l\u00e4dt in seiner gekonnt humorvollen Art die Kinobesucher ein, ihm in ein kleines irisches Dorf zu folgen &#8230;<\/p><\/div>\n","protected":false},"excerpt":{"rendered":"","protected":false},"author":4,"featured_media":0,"parent":234,"menu_order":0,"comment_status":"closed","ping_status":"closed","template":"","meta":{"footnotes":""},"class_list":["post-1179","page","type-page","status-publish","hentry"],"_links":{"self":[{"href":"https:\/\/xn--vrstetter-miteinander-hec.de\/index.php?rest_route=\/wp\/v2\/pages\/1179","targetHints":{"allow":["GET"]}}],"collection":[{"href":"https:\/\/xn--vrstetter-miteinander-hec.de\/index.php?rest_route=\/wp\/v2\/pages"}],"about":[{"href":"https:\/\/xn--vrstetter-miteinander-hec.de\/index.php?rest_route=\/wp\/v2\/types\/page"}],"author":[{"embeddable":true,"href":"https:\/\/xn--vrstetter-miteinander-hec.de\/index.php?rest_route=\/wp\/v2\/users\/4"}],"replies":[{"embeddable":true,"href":"https:\/\/xn--vrstetter-miteinander-hec.de\/index.php?rest_route=%2Fwp%2Fv2%2Fcomments&post=1179"}],"version-history":[{"count":4,"href":"https:\/\/xn--vrstetter-miteinander-hec.de\/index.php?rest_route=\/wp\/v2\/pages\/1179\/revisions"}],"predecessor-version":[{"id":1193,"href":"https:\/\/xn--vrstetter-miteinander-hec.de\/index.php?rest_route=\/wp\/v2\/pages\/1179\/revisions\/1193"}],"up":[{"embeddable":true,"href":"https:\/\/xn--vrstetter-miteinander-hec.de\/index.php?rest_route=\/wp\/v2\/pages\/234"}],"wp:attachment":[{"href":"https:\/\/xn--vrstetter-miteinander-hec.de\/index.php?rest_route=%2Fwp%2Fv2%2Fmedia&parent=1179"}],"curies":[{"name":"wp","href":"https:\/\/api.w.org\/{rel}","templated":true}]}}