{"id":1181,"date":"2018-05-20T12:53:27","date_gmt":"2018-05-20T10:53:27","guid":{"rendered":"http:\/\/xn--vrstetter-miteinander-hec.de\/?page_id=1181"},"modified":"2018-05-20T13:17:44","modified_gmt":"2018-05-20T11:17:44","slug":"2016-2","status":"publish","type":"page","link":"https:\/\/xn--vrstetter-miteinander-hec.de\/?page_id=1181","title":{"rendered":"2016"},"content":{"rendered":"<ul>\n<li>\n<h3><strong>\u00a07. November 2016: <a href=\"http:\/\/badische-zeitung.de\/...\/voerstetten-stellt-pflegekonzept-vor\">\u00d6ffentliche Gemeinderatssitzung<\/a><\/strong><\/h3>\n<\/li>\n<\/ul>\n<p>Ein f\u00fcr die V\u00f6rstetter B\u00fcrgerinnen und B\u00fcrger wichtiger Tagesordnungspunkt war:<\/p>\n<h2><strong>Bau einer station\u00e4ren Pflege<br \/>\nmit barrierefreien Wohungen und einer<br \/>\nBegegnungsst\u00e4tte<\/strong><\/h2>\n<ul>\n<li>Vorstellung des Projekts und des Betreibers<\/li>\n<\/ul>\n<h4><\/h4>\n<h5><em>(zum Aufrufen der Berichterstattung in der Badischen Zeitung bitte die \u00dcberschrift anklicken)<\/em><\/h5>\n<p>weitere Berichte finden Sie auch im Amtsblatt Nr. 45 der Gemeinde V\u00f6rstetten vom 10.11.2016 ( www.voerstetten.de ) und in der Wochenzeitung <em>Von Haus zu Haus<\/em> Nr. 45 vom 10. November 2016 ( www.wzo.de )<\/p>\n<ul>\n<li>\n<h3><strong><em>10. September 2016:\u00a0 2. Verschdedder Groove<\/em><\/strong><\/h3>\n<\/li>\n<\/ul>\n<p><a href=\"http:\/\/xn--vrstetter-miteinander-hec.de\/?attachment_id=701\" rel=\"attachment wp-att-701\"><img loading=\"lazy\" decoding=\"async\" class=\"alignnone wp-image-701 size-medium\" src=\"http:\/\/xn--vrstetter-miteinander-hec.de\/wp-content\/uploads\/2016\/09\/2016-Seite-1-215x300.jpg\" alt=\"2016-seite-1\" width=\"215\" height=\"300\" srcset=\"https:\/\/xn--vrstetter-miteinander-hec.de\/wp-content\/uploads\/2016\/09\/2016-Seite-1-215x300.jpg 215w, https:\/\/xn--vrstetter-miteinander-hec.de\/wp-content\/uploads\/2016\/09\/2016-Seite-1-768x1070.jpg 768w, https:\/\/xn--vrstetter-miteinander-hec.de\/wp-content\/uploads\/2016\/09\/2016-Seite-1-735x1024.jpg 735w, https:\/\/xn--vrstetter-miteinander-hec.de\/wp-content\/uploads\/2016\/09\/2016-Seite-1.jpg 1227w\" sizes=\"auto, (max-width: 215px) 100vw, 215px\" \/><\/a><a href=\"http:\/\/xn--vrstetter-miteinander-hec.de\/?attachment_id=702\" rel=\"attachment wp-att-702\"><img loading=\"lazy\" decoding=\"async\" class=\"wp-image-702 size-medium alignright\" src=\"http:\/\/xn--vrstetter-miteinander-hec.de\/wp-content\/uploads\/2016\/09\/2016-Seite-2-219x300.jpg\" alt=\"2016-seite-2\" width=\"219\" height=\"300\" srcset=\"https:\/\/xn--vrstetter-miteinander-hec.de\/wp-content\/uploads\/2016\/09\/2016-Seite-2-219x300.jpg 219w, https:\/\/xn--vrstetter-miteinander-hec.de\/wp-content\/uploads\/2016\/09\/2016-Seite-2-768x1052.jpg 768w, https:\/\/xn--vrstetter-miteinander-hec.de\/wp-content\/uploads\/2016\/09\/2016-Seite-2-747x1024.jpg 747w, https:\/\/xn--vrstetter-miteinander-hec.de\/wp-content\/uploads\/2016\/09\/2016-Seite-2.jpg 1224w\" sizes=\"auto, (max-width: 219px) 100vw, 219px\" \/><\/a><\/p>\n<h3>Der Verein V\u00f6rstetter Miteinander e.V. lockte wiederum viele Besucher in die<br \/>\nHeinz-Ritter-Halle zum <a href=\"http:\/\/badische-zeitung.de\/...\/ein-konzert-wie-im-wohnzimmer\">2. Verschdedder Groove\u00a0 <\/a> (zum Artikel in der Badischen Zeitung bitte anklicken)<\/h3>\n<p>Sie m\u00f6chten unsere K\u00fcnstler n\u00e4her kennenlernen? &#8211; in einer BZ-Serie werden sie vorgestellt:<\/p>\n<p><a href=\"http:\/\/badische-zeitung.de\/...\/perfekte-stimme-fuer-balladen\">Lena Schmidt<\/a><\/p>\n<p><a href=\"http:\/\/badische-zeitung.de\/...\/ein-fruehaufsteher-der-musik-macht\">Reinhard Link<\/a><\/p>\n<p><a href=\"http:\/\/badische-zeitung.de\/...\/ein-multitalent-auf-der-buehne\">Tobias Ziebold<\/a><\/p>\n<p>&nbsp;<\/p>\n<ul>\n<li>\n<h3><strong><em>\u00a0 30.April 2016: \u00a0 Pflanzentauschb\u00f6rse<\/em><br \/>\n<\/strong><\/h3>\n<\/li>\n<\/ul>\n<p><a href=\"http:\/\/xn--vrstetter-miteinander-hec.de\/?attachment_id=470\" rel=\"attachment wp-att-470\"><img loading=\"lazy\" decoding=\"async\" class=\"wp-image-470 size-medium alignleft\" src=\"http:\/\/xn--vrstetter-miteinander-hec.de\/wp-content\/uploads\/2016\/03\/Pflanzentauschb\u00f6rse-30.-April-2016-236x300.jpg\" alt=\"Pflanzentauschb\u00f6rse 30. April 2016\" width=\"236\" height=\"300\" srcset=\"https:\/\/xn--vrstetter-miteinander-hec.de\/wp-content\/uploads\/2016\/03\/Pflanzentauschb\u00f6rse-30.-April-2016-236x300.jpg 236w, https:\/\/xn--vrstetter-miteinander-hec.de\/wp-content\/uploads\/2016\/03\/Pflanzentauschb\u00f6rse-30.-April-2016-768x978.jpg 768w, https:\/\/xn--vrstetter-miteinander-hec.de\/wp-content\/uploads\/2016\/03\/Pflanzentauschb\u00f6rse-30.-April-2016-804x1024.jpg 804w, https:\/\/xn--vrstetter-miteinander-hec.de\/wp-content\/uploads\/2016\/03\/Pflanzentauschb\u00f6rse-30.-April-2016.jpg 1165w\" sizes=\"auto, (max-width: 236px) 100vw, 236px\" \/><\/a><\/p>\n<div id=\"attachment_642\" style=\"width: 210px\" class=\"wp-caption aligncenter\"><a href=\"http:\/\/xn--vrstetter-miteinander-hec.de\/?attachment_id=642\" rel=\"attachment wp-att-642\"><img loading=\"lazy\" decoding=\"async\" aria-describedby=\"caption-attachment-642\" class=\"wp-image-642 size-medium\" src=\"http:\/\/xn--vrstetter-miteinander-hec.de\/wp-content\/uploads\/2016\/06\/Mai-2015-146-200x300.jpg\" alt=\"\" width=\"200\" height=\"300\" srcset=\"https:\/\/xn--vrstetter-miteinander-hec.de\/wp-content\/uploads\/2016\/06\/Mai-2015-146-200x300.jpg 200w, https:\/\/xn--vrstetter-miteinander-hec.de\/wp-content\/uploads\/2016\/06\/Mai-2015-146.jpg 683w\" sizes=\"auto, (max-width: 200px) 100vw, 200px\" \/><\/a><p id=\"caption-attachment-642\" class=\"wp-caption-text\">Hobbyg\u00e4rtnerin mit ihren Pflanzenkindern auf dem Weg zu deren neuem Zuhause<\/p><\/div>\n<div id=\"attachment_639\" style=\"width: 310px\" class=\"wp-caption alignright\"><a href=\"http:\/\/xn--vrstetter-miteinander-hec.de\/?attachment_id=639\" rel=\"attachment wp-att-639\"><img loading=\"lazy\" decoding=\"async\" aria-describedby=\"caption-attachment-639\" class=\"wp-image-639 size-medium\" src=\"http:\/\/xn--vrstetter-miteinander-hec.de\/wp-content\/uploads\/2016\/06\/IMG_2859-300x200.jpg\" alt=\"\" width=\"300\" height=\"200\" srcset=\"https:\/\/xn--vrstetter-miteinander-hec.de\/wp-content\/uploads\/2016\/06\/IMG_2859-300x200.jpg 300w, https:\/\/xn--vrstetter-miteinander-hec.de\/wp-content\/uploads\/2016\/06\/IMG_2859-768x512.jpg 768w, https:\/\/xn--vrstetter-miteinander-hec.de\/wp-content\/uploads\/2016\/06\/IMG_2859.jpg 980w\" sizes=\"auto, (max-width: 300px) 100vw, 300px\" \/><\/a><p id=\"caption-attachment-639\" class=\"wp-caption-text\">Standort, N\u00e4hrstoffbedarf, Pflanzenschutz? &#8230; Austausch von vielen tollen Tipps f\u00fcr Freizeitg\u00e4rtner<\/p><\/div>\n<p>&nbsp;<\/p>\n<p>&nbsp;<\/p>\n<p>&nbsp;<\/p>\n<p>&nbsp;<\/p>\n<p>&nbsp;<\/p>\n<p>&nbsp;<\/p>\n<p>&nbsp;<\/p>\n<ul>\n<li>\n<h3><strong><em>\u00a0 13. April 2016:\u00a0 Filmabend<br \/>\n<\/em><\/strong><\/h3>\n<h3><strong><em><br \/>\n<\/em> <\/strong><\/h3>\n<\/li>\n<\/ul>\n<p><a href=\"http:\/\/xn--vrstetter-miteinander-hec.de\/?attachment_id=469\" rel=\"attachment wp-att-469\"><img loading=\"lazy\" decoding=\"async\" class=\"aligncenter wp-image-469 size-medium\" src=\"http:\/\/xn--vrstetter-miteinander-hec.de\/wp-content\/uploads\/2016\/03\/Filmabend-13.-April-2016-234x300.jpg\" alt=\"Filmabend 13. April 2016\" width=\"234\" height=\"300\" srcset=\"https:\/\/xn--vrstetter-miteinander-hec.de\/wp-content\/uploads\/2016\/03\/Filmabend-13.-April-2016-234x300.jpg 234w, https:\/\/xn--vrstetter-miteinander-hec.de\/wp-content\/uploads\/2016\/03\/Filmabend-13.-April-2016-768x986.jpg 768w, https:\/\/xn--vrstetter-miteinander-hec.de\/wp-content\/uploads\/2016\/03\/Filmabend-13.-April-2016-797x1024.jpg 797w, https:\/\/xn--vrstetter-miteinander-hec.de\/wp-content\/uploads\/2016\/03\/Filmabend-13.-April-2016.jpg 1161w\" sizes=\"auto, (max-width: 234px) 100vw, 234px\" \/><\/a><\/p>\n<ul>\n<li>\n<h3><strong>10. April 2016<em>:\u00a0\u00a0 <\/em>Neub\u00fcrgermesse<\/strong><\/h3>\n<\/li>\n<\/ul>\n<h2>auf dieser von 14.00 bis 17.00 Uhr in der Heinz-Ritter-Halle stattfindenden Veranstaltung der Gemeinde V\u00f6rstetten waren wir mit einem Stand vertreten:<\/h2>\n<h2><strong><em>\u00a0 <\/em><\/strong><\/h2>\n<p><a href=\"http:\/\/xn--vrstetter-miteinander-hec.de\/?attachment_id=611\" rel=\"attachment wp-att-611\"><img loading=\"lazy\" decoding=\"async\" class=\"wp-image-611 size-large aligncenter\" src=\"http:\/\/xn--vrstetter-miteinander-hec.de\/wp-content\/uploads\/2016\/04\/IMG_1819-1024x768.jpg\" alt=\"IMG_1819\" width=\"640\" height=\"480\" srcset=\"https:\/\/xn--vrstetter-miteinander-hec.de\/wp-content\/uploads\/2016\/04\/IMG_1819-1024x768.jpg 1024w, https:\/\/xn--vrstetter-miteinander-hec.de\/wp-content\/uploads\/2016\/04\/IMG_1819-300x225.jpg 300w, https:\/\/xn--vrstetter-miteinander-hec.de\/wp-content\/uploads\/2016\/04\/IMG_1819-768x576.jpg 768w\" sizes=\"auto, (max-width: 640px) 100vw, 640px\" \/><\/a><\/p>\n<ul>\n<li>\n<h3><strong>4. April 2016:\u00a0\u00a0 Mitgliederversammlung 2016<\/strong><\/h3>\n<\/li>\n<\/ul>\n<p>Die Mitgliederversammlung des V\u00f6rstetter Miteinander e.V. fand statt am<br \/>\nMontag, den 04. April 2016,um 19:00Uhr<br \/>\nim Foyer der Heinz Ritter Halle<\/p>\n<p>Tagesordnung<br \/>\n1. Begr\u00fc\u00dfung durch den Vorsitzenden<br \/>\n2. Berichte der Arbeitsgruppen<br \/>\n3. Bericht der Kassenwartin<br \/>\n4. Bericht der Rechnungspr\u00fcfer<br \/>\n5. Entlastung des Vorstandes<br \/>\n6. Verschiedenes<\/p>\n","protected":false},"excerpt":{"rendered":"<p>\u00a07. November 2016: \u00d6ffentliche Gemeinderatssitzung Ein f\u00fcr die V\u00f6rstetter B\u00fcrgerinnen und B\u00fcrger wichtiger Tagesordnungspunkt war: Bau einer station\u00e4ren Pflege mit barrierefreien Wohungen und einer Begegnungsst\u00e4tte Vorstellung des Projekts und des Betreibers (zum Aufrufen der Berichterstattung in der Badischen Zeitung bitte &hellip; <a href=\"https:\/\/xn--vrstetter-miteinander-hec.de\/?page_id=1181\">Weiterlesen <span class=\"meta-nav\">&rarr;<\/span><\/a><\/p>\n","protected":false},"author":4,"featured_media":0,"parent":234,"menu_order":0,"comment_status":"closed","ping_status":"closed","template":"","meta":{"footnotes":""},"class_list":["post-1181","page","type-page","status-publish","hentry"],"_links":{"self":[{"href":"https:\/\/xn--vrstetter-miteinander-hec.de\/index.php?rest_route=\/wp\/v2\/pages\/1181","targetHints":{"allow":["GET"]}}],"collection":[{"href":"https:\/\/xn--vrstetter-miteinander-hec.de\/index.php?rest_route=\/wp\/v2\/pages"}],"about":[{"href":"https:\/\/xn--vrstetter-miteinander-hec.de\/index.php?rest_route=\/wp\/v2\/types\/page"}],"author":[{"embeddable":true,"href":"https:\/\/xn--vrstetter-miteinander-hec.de\/index.php?rest_route=\/wp\/v2\/users\/4"}],"replies":[{"embeddable":true,"href":"https:\/\/xn--vrstetter-miteinander-hec.de\/index.php?rest_route=%2Fwp%2Fv2%2Fcomments&post=1181"}],"version-history":[{"count":11,"href":"https:\/\/xn--vrstetter-miteinander-hec.de\/index.php?rest_route=\/wp\/v2\/pages\/1181\/revisions"}],"predecessor-version":[{"id":1210,"href":"https:\/\/xn--vrstetter-miteinander-hec.de\/index.php?rest_route=\/wp\/v2\/pages\/1181\/revisions\/1210"}],"up":[{"embeddable":true,"href":"https:\/\/xn--vrstetter-miteinander-hec.de\/index.php?rest_route=\/wp\/v2\/pages\/234"}],"wp:attachment":[{"href":"https:\/\/xn--vrstetter-miteinander-hec.de\/index.php?rest_route=%2Fwp%2Fv2%2Fmedia&parent=1181"}],"curies":[{"name":"wp","href":"https:\/\/api.w.org\/{rel}","templated":true}]}}