{"id":1185,"date":"2018-05-20T12:54:16","date_gmt":"2018-05-20T10:54:16","guid":{"rendered":"http:\/\/xn--vrstetter-miteinander-hec.de\/?page_id=1185"},"modified":"2018-11-09T15:43:38","modified_gmt":"2018-11-09T14:43:38","slug":"2017-2","status":"publish","type":"page","link":"https:\/\/xn--vrstetter-miteinander-hec.de\/?page_id=1185","title":{"rendered":"2017"},"content":{"rendered":"<h2><\/h2>\n<h2><\/h2>\n<p>&nbsp;<\/p>\n<h2><a href=\"http:\/\/xn--vrstetter-miteinander-hec.de\/?attachment_id=984\" rel=\"attachment wp-att-984\"><img loading=\"lazy\" decoding=\"async\" class=\"alignnone wp-image-984 size-full\" src=\"http:\/\/xn--vrstetter-miteinander-hec.de\/wp-content\/uploads\/2017\/09\/Einladung-im-Amtsblatt-Nr.-37.jpg\" alt=\"\" width=\"1318\" height=\"1323\" srcset=\"https:\/\/xn--vrstetter-miteinander-hec.de\/wp-content\/uploads\/2017\/09\/Einladung-im-Amtsblatt-Nr.-37.jpg 1318w, https:\/\/xn--vrstetter-miteinander-hec.de\/wp-content\/uploads\/2017\/09\/Einladung-im-Amtsblatt-Nr.-37-150x150.jpg 150w, https:\/\/xn--vrstetter-miteinander-hec.de\/wp-content\/uploads\/2017\/09\/Einladung-im-Amtsblatt-Nr.-37-300x300.jpg 300w, https:\/\/xn--vrstetter-miteinander-hec.de\/wp-content\/uploads\/2017\/09\/Einladung-im-Amtsblatt-Nr.-37-768x771.jpg 768w, https:\/\/xn--vrstetter-miteinander-hec.de\/wp-content\/uploads\/2017\/09\/Einladung-im-Amtsblatt-Nr.-37-1020x1024.jpg 1020w\" sizes=\"auto, (max-width: 1318px) 100vw, 1318px\" \/><\/a><\/h2>\n<h2>Die Badische Zeitung berichtet am 6.10.2017 unter dem Titel:<\/h2>\n<h2><a href=\"http:\/\/badische-zeitung.de\/...\/das-tor-zum-dorf\">&#8222;<strong><em>Das Tor zum Dorf<\/em><\/strong> &#8222;<\/a><\/h2>\n<p>&nbsp;<\/p>\n<p>&nbsp;<\/p>\n<h2><strong>Montag, 17. Juli 2017 um 16.30 Uhr: <\/strong><\/h2>\n<h3>Spatenstich f\u00fcr das Roteux-Quartier &#8211; Ank\u00fcndigung in der Badischen Zeitung am 12.07.2017:<\/h3>\n<h3><a href=\"http:\/\/badische-zeitung.de\/...\/besucher-koennen-eigenen-spaten-mitbringen\">Baubeginn f\u00fcr integratives Projekt in V\u00f6rstetten <\/a><\/h3>\n<p>&nbsp;<\/p>\n<h2><a href=\"http:\/\/xn--vrstetter-miteinander-hec.de\/?attachment_id=969\" rel=\"attachment wp-att-969\"><img loading=\"lazy\" decoding=\"async\" class=\"alignnone wp-image-969 size-full\" src=\"http:\/\/xn--vrstetter-miteinander-hec.de\/wp-content\/uploads\/2017\/07\/Scan-1.jpg\" alt=\"\" width=\"1422\" height=\"2016\" srcset=\"https:\/\/xn--vrstetter-miteinander-hec.de\/wp-content\/uploads\/2017\/07\/Scan-1.jpg 1422w, https:\/\/xn--vrstetter-miteinander-hec.de\/wp-content\/uploads\/2017\/07\/Scan-1-212x300.jpg 212w, https:\/\/xn--vrstetter-miteinander-hec.de\/wp-content\/uploads\/2017\/07\/Scan-1-768x1089.jpg 768w, https:\/\/xn--vrstetter-miteinander-hec.de\/wp-content\/uploads\/2017\/07\/Scan-1-722x1024.jpg 722w\" sizes=\"auto, (max-width: 1422px) 100vw, 1422px\" \/><\/a><\/h2>\n<p><a href=\"http:\/\/xn--vrstetter-miteinander-hec.de\/?attachment_id=975\" rel=\"attachment wp-att-975\"><img loading=\"lazy\" decoding=\"async\" class=\"wp-image-975 size-full\" src=\"http:\/\/xn--vrstetter-miteinander-hec.de\/wp-content\/uploads\/2017\/08\/1-Spatenstich.jpg\" alt=\"\" width=\"1437\" height=\"1078\" srcset=\"https:\/\/xn--vrstetter-miteinander-hec.de\/wp-content\/uploads\/2017\/08\/1-Spatenstich.jpg 1437w, https:\/\/xn--vrstetter-miteinander-hec.de\/wp-content\/uploads\/2017\/08\/1-Spatenstich-300x225.jpg 300w, https:\/\/xn--vrstetter-miteinander-hec.de\/wp-content\/uploads\/2017\/08\/1-Spatenstich-768x576.jpg 768w, https:\/\/xn--vrstetter-miteinander-hec.de\/wp-content\/uploads\/2017\/08\/1-Spatenstich-1024x768.jpg 1024w\" sizes=\"auto, (max-width: 1437px) 100vw, 1437px\" \/><\/a><\/p>\n<p>Foto: Bruno Meyer, Wochenzeitung Von Haus zu Haus<br \/>\nDer erste symbolische Spatenstich ist gesetzt &#8211; jetzt wird das Roteux-Quartier verwirklicht<\/p>\n<p>&nbsp;<\/p>\n<h2><a href=\"http:\/\/badische-zeitung.de\/...\/bruegner-unsere-gemeinde-wird-reicher\">Die Badische Zeitung berichtete am 19.Juli 2017 \u00a0\u00a0<\/a>(bitte anklicken)<\/h2>\n<p>&nbsp;<\/p>\n<h2><strong><a href=\"http:\/\/badische-zeitung.de\/...\/voerstetten\/der-sound-muss-stimmen\">3. Verschdedder Groove am 17. Juni 2017<\/a><br \/>\n<\/strong><\/h2>\n<h2><strong>\u00a0<\/strong><\/h2>\n<p><a href=\"http:\/\/xn--vrstetter-miteinander-hec.de\/?attachment_id=922\" rel=\"attachment wp-att-922\"><img loading=\"lazy\" decoding=\"async\" class=\"aligncenter wp-image-922 size-full\" src=\"http:\/\/xn--vrstetter-miteinander-hec.de\/wp-content\/uploads\/2017\/06\/2017-2.jpg\" alt=\"\" width=\"575\" height=\"852\" srcset=\"https:\/\/xn--vrstetter-miteinander-hec.de\/wp-content\/uploads\/2017\/06\/2017-2.jpg 575w, https:\/\/xn--vrstetter-miteinander-hec.de\/wp-content\/uploads\/2017\/06\/2017-2-202x300.jpg 202w\" sizes=\"auto, (max-width: 575px) 100vw, 575px\" \/><\/a><\/p>\n<div id=\"attachment_928\" style=\"width: 650px\" class=\"wp-caption aligncenter\"><a href=\"http:\/\/xn--vrstetter-miteinander-hec.de\/?attachment_id=928\" rel=\"attachment wp-att-928\"><img loading=\"lazy\" decoding=\"async\" aria-describedby=\"caption-attachment-928\" class=\"wp-image-928 size-large\" src=\"http:\/\/xn--vrstetter-miteinander-hec.de\/wp-content\/uploads\/2017\/06\/Verschdedder-Groove-008-1024x768.jpg\" alt=\"\" width=\"640\" height=\"480\" srcset=\"https:\/\/xn--vrstetter-miteinander-hec.de\/wp-content\/uploads\/2017\/06\/Verschdedder-Groove-008-1024x768.jpg 1024w, https:\/\/xn--vrstetter-miteinander-hec.de\/wp-content\/uploads\/2017\/06\/Verschdedder-Groove-008-300x225.jpg 300w, https:\/\/xn--vrstetter-miteinander-hec.de\/wp-content\/uploads\/2017\/06\/Verschdedder-Groove-008-768x576.jpg 768w\" sizes=\"auto, (max-width: 640px) 100vw, 640px\" \/><\/a><p id=\"caption-attachment-928\" class=\"wp-caption-text\">diese jungen Musiker begeisterten ein erwartungsvolles Publikum<\/p><\/div>\n<p>&nbsp;<\/p>\n<h2><a href=\"http:\/\/badische-zeitung.de\/...\/junge-musiker-begeistern-x1x\"><strong>Die Badische Zeitung berichtete am 19. Juni 2017<\/strong><\/a>:<\/h2>\n<p>(zum Lesen des Artikels bitte anklicken)<\/p>\n<h2>\u00a0&#8212;&#8212;&#8212;&#8212;&#8212;&#8212;&#8212;&#8212;&#8212;&#8212;&#8212;&#8212;&#8212;&#8212;&#8212;&#8212;&#8212;&#8212;&#8212;&#8212;&#8212;&#8212;&#8212;&#8212;&#8212;&#8212;<\/h2>\n<h2><strong>Sonntag, 21. Mai 2017:\u00a0 <a href=\"http:\/\/badische-zeitung.de\/...\/voerstetten\/das-neue-alte-rathaus-ist-gelebte-ortsmitte\">Rathauseinweihung<\/a><\/strong><\/h2>\n<h3><a href=\"http:\/\/xn--vrstetter-miteinander-hec.de\/?attachment_id=913\" rel=\"attachment wp-att-913\"><img loading=\"lazy\" decoding=\"async\" class=\"alignnone wp-image-913 size-full\" src=\"http:\/\/xn--vrstetter-miteinander-hec.de\/wp-content\/uploads\/2017\/05\/Rathauser\u00f6ffnung.jpg\" alt=\"\" width=\"1024\" height=\"767\" srcset=\"https:\/\/xn--vrstetter-miteinander-hec.de\/wp-content\/uploads\/2017\/05\/Rathauser\u00f6ffnung.jpg 1024w, https:\/\/xn--vrstetter-miteinander-hec.de\/wp-content\/uploads\/2017\/05\/Rathauser\u00f6ffnung-300x225.jpg 300w, https:\/\/xn--vrstetter-miteinander-hec.de\/wp-content\/uploads\/2017\/05\/Rathauser\u00f6ffnung-768x575.jpg 768w\" sizes=\"auto, (max-width: 1024px) 100vw, 1024px\" \/><\/a><\/h3>\n<p><a href=\"http:\/\/xn--vrstetter-miteinander-hec.de\/?attachment_id=896\" rel=\"attachment wp-att-896\"><img loading=\"lazy\" decoding=\"async\" class=\"wp-image-896 size-full\" src=\"http:\/\/xn--vrstetter-miteinander-hec.de\/wp-content\/uploads\/2017\/05\/IMG_4006-1.jpg\" alt=\"\" width=\"980\" height=\"653\" srcset=\"https:\/\/xn--vrstetter-miteinander-hec.de\/wp-content\/uploads\/2017\/05\/IMG_4006-1.jpg 980w, https:\/\/xn--vrstetter-miteinander-hec.de\/wp-content\/uploads\/2017\/05\/IMG_4006-1-300x200.jpg 300w, https:\/\/xn--vrstetter-miteinander-hec.de\/wp-content\/uploads\/2017\/05\/IMG_4006-1-768x512.jpg 768w\" sizes=\"auto, (max-width: 980px) 100vw, 980px\" \/><\/a><\/p>\n<p>&#8212;&#8212;&#8212;&#8212;&#8212;&#8212;&#8212;&#8212;&#8212;&#8212;&#8212;&#8212;&#8212;&#8212;&#8212;&#8212;&#8212;&#8212;&#8212;&#8212;&#8212;&#8212;&#8212;&#8212;&#8212;&#8212;&#8212;&#8212;&#8212;&#8212;&#8212;&#8212;&#8212;&#8212;&#8212;-<\/p>\n<h2><strong>6. Mai\u00a0\u00a0\u00a0 2017<\/strong>,\u00a0 9.30 Uhr:\u00a0 <em><strong>Pflanzentauschb\u00f6rse<\/strong><\/em><\/h2>\n<p>Der Garten quillt \u00fcber und die Pflanzen sollten geteilt werden? Die Saat von Tomaten und Salat ist \u00fcppig aufgegangen und f\u00fcr den Eigenbedarf zu viel? Die Blument\u00f6pfe, die Gartenger\u00e4te sowie das 5. Kr\u00e4uterbuch zu schade zum Entsorgen?<\/p>\n<p>Kommen Sie zu unserer 4. Pflanzentauschb\u00f6rse und nutzen Sie die Gelegenheit zum Tauschen und Fachsimpeln.<\/p>\n<p>Wenn Sie nur suchen wollen und nichts zu tauschen haben, bezahlen Sie im Erfolgsfall einen kleinen Beitrag an die Spendenkasse.<\/p>\n<p>Wir freuen uns auf eine rege Beteiligung!<\/p>\n<h3><\/h3>\n<p><a href=\"http:\/\/xn--vrstetter-miteinander-hec.de\/?attachment_id=821\" rel=\"attachment wp-att-821\"><img loading=\"lazy\" decoding=\"async\" class=\"aligncenter wp-image-821 size-large\" src=\"http:\/\/xn--vrstetter-miteinander-hec.de\/wp-content\/uploads\/2017\/03\/06.Mai-2017-752x1024.jpg\" width=\"640\" height=\"871\" srcset=\"https:\/\/xn--vrstetter-miteinander-hec.de\/wp-content\/uploads\/2017\/03\/06.Mai-2017-752x1024.jpg 752w, https:\/\/xn--vrstetter-miteinander-hec.de\/wp-content\/uploads\/2017\/03\/06.Mai-2017-220x300.jpg 220w, https:\/\/xn--vrstetter-miteinander-hec.de\/wp-content\/uploads\/2017\/03\/06.Mai-2017-768x1045.jpg 768w, https:\/\/xn--vrstetter-miteinander-hec.de\/wp-content\/uploads\/2017\/03\/06.Mai-2017.jpg 1197w\" sizes=\"auto, (max-width: 640px) 100vw, 640px\" \/><\/a><\/p>\n<h2><strong>15. M\u00e4rz 2017,<\/strong> 19.30 Uhr: <em><strong>Filmabend<\/strong> <\/em><\/h2>\n<h4><\/h4>\n<p><a href=\"http:\/\/xn--vrstetter-miteinander-hec.de\/?attachment_id=820\" rel=\"attachment wp-att-820\"><img loading=\"lazy\" decoding=\"async\" class=\"aligncenter wp-image-820 size-large\" src=\"http:\/\/xn--vrstetter-miteinander-hec.de\/wp-content\/uploads\/2017\/03\/Kino-15.03.2017-749x1024.jpg\" width=\"640\" height=\"875\" srcset=\"https:\/\/xn--vrstetter-miteinander-hec.de\/wp-content\/uploads\/2017\/03\/Kino-15.03.2017-749x1024.jpg 749w, https:\/\/xn--vrstetter-miteinander-hec.de\/wp-content\/uploads\/2017\/03\/Kino-15.03.2017-219x300.jpg 219w, https:\/\/xn--vrstetter-miteinander-hec.de\/wp-content\/uploads\/2017\/03\/Kino-15.03.2017-768x1050.jpg 768w, https:\/\/xn--vrstetter-miteinander-hec.de\/wp-content\/uploads\/2017\/03\/Kino-15.03.2017.jpg 1168w\" sizes=\"auto, (max-width: 640px) 100vw, 640px\" \/><\/a><\/p>\n<h2><strong>13. M\u00e4rz 2017<\/strong>, 18.00 Uhr:\u00a0 <strong>Jahreshauptversammlung <\/strong><\/h2>\n<h4><strong>\u00a0\u00a0\u00a0\u00a0\u00a0\u00a0\u00a0\u00a0\u00a0\u00a0\u00a0\u00a0\u00a0\u00a0\u00a0\u00a0\u00a0\u00a0\u00a0\u00a0\u00a0\u00a0\u00a0\u00a0\u00a0\u00a0\u00a0\u00a0\u00a0\u00a0\u00a0\u00a0\u00a0\u00a0\u00a0\u00a0\u00a0\u00a0\u00a0\u00a0\u00a0\u00a0\u00a0\u00a0\u00a0\u00a0\u00a0\u00a0\u00a0\u00a0\u00a0\u00a0\u00a0\u00a0\u00a0\u00a0\u00a0\u00a0\u00a0\u00a0\u00a0\u00a0\u00a0\u00a0\u00a0\u00a0\u00a0\u00a0\u00a0\u00a0\u00a0\u00a0\u00a0\u00a0\u00a0\u00a0\u00a0 im Foyer der Heinz-Ritter-Halle<br \/>\n<\/strong><\/h4>\n<h3>\u00a0<a href=\"http:\/\/xn--vrstetter-miteinander-hec.de\/?attachment_id=789\" rel=\"attachment wp-att-789\"><img loading=\"lazy\" decoding=\"async\" class=\"wp-image-789 size-medium alignleft\" src=\"http:\/\/xn--vrstetter-miteinander-hec.de\/wp-content\/uploads\/2017\/02\/Tagesordnung-scan-298x300.jpg\" width=\"298\" height=\"300\" srcset=\"https:\/\/xn--vrstetter-miteinander-hec.de\/wp-content\/uploads\/2017\/02\/Tagesordnung-scan-298x300.jpg 298w, https:\/\/xn--vrstetter-miteinander-hec.de\/wp-content\/uploads\/2017\/02\/Tagesordnung-scan-150x150.jpg 150w, https:\/\/xn--vrstetter-miteinander-hec.de\/wp-content\/uploads\/2017\/02\/Tagesordnung-scan.jpg 595w\" sizes=\"auto, (max-width: 298px) 100vw, 298px\" \/><\/a><\/h3>\n<h3><\/h3>\n<p>&nbsp;<\/p>\n<p>&nbsp;<\/p>\n<p><a href=\"http:\/\/xn--vrstetter-miteinander-hec.de\/?attachment_id=854\" rel=\"attachment wp-att-854\"><img loading=\"lazy\" decoding=\"async\" class=\"alignnone wp-image-854 size-full\" src=\"http:\/\/xn--vrstetter-miteinander-hec.de\/wp-content\/uploads\/2017\/03\/Bericht-Von-Haus-zu-Haus-1.jpg\" width=\"971\" height=\"1360\" srcset=\"https:\/\/xn--vrstetter-miteinander-hec.de\/wp-content\/uploads\/2017\/03\/Bericht-Von-Haus-zu-Haus-1.jpg 971w, https:\/\/xn--vrstetter-miteinander-hec.de\/wp-content\/uploads\/2017\/03\/Bericht-Von-Haus-zu-Haus-1-214x300.jpg 214w, https:\/\/xn--vrstetter-miteinander-hec.de\/wp-content\/uploads\/2017\/03\/Bericht-Von-Haus-zu-Haus-1-768x1076.jpg 768w, https:\/\/xn--vrstetter-miteinander-hec.de\/wp-content\/uploads\/2017\/03\/Bericht-Von-Haus-zu-Haus-1-731x1024.jpg 731w\" sizes=\"auto, (max-width: 971px) 100vw, 971px\" \/><\/a><\/p>\n<p>&nbsp;<\/p>\n<ul>\n<li>\n<h3><strong>21. Februar 2017<\/strong>:\u00a0\u00a0\u00a0\u00a0\u00a0 <strong>Einwohnerversammlung<\/strong><\/h3>\n<\/li>\n<\/ul>\n<h4>\u00a0\u00a0\u00a0\u00a0\u00a0\u00a0\u00a0\u00a0\u00a0 \u00a0\u00a0\u00a0 \u00a0 \u00a0 \u00a0 \u00a0 \u00a0 \u00a0 \u00a0\u00a0\u00a0 \u00a0 \u00a0 \u00a0 \u00a0 \u00a0 \u00a0 \u00a0 \u00a0 \u00a0 \u00a0 \u00a0 \u00a0 \u00a0 \u00a0\u00a0 <strong>in der Heinz-Ritter-Halle<\/strong><\/h4>\n<h2>\u00a0 <a href=\"http:\/\/xn--vrstetter-miteinander-hec.de\/?attachment_id=766\" rel=\"attachment wp-att-766\"><img loading=\"lazy\" decoding=\"async\" class=\"alignnone wp-image-766 size-large\" src=\"http:\/\/xn--vrstetter-miteinander-hec.de\/wp-content\/uploads\/2017\/02\/Scan-1024x840.jpg\" sizes=\"auto, (max-width: 640px) 100vw, 640px\" srcset=\"http:\/\/xn--vrstetter-miteinander-hec.de\/wp-content\/uploads\/2017\/02\/Scan-1024x840.jpg 1024w, http:\/\/xn--vrstetter-miteinander-hec.de\/wp-content\/uploads\/2017\/02\/Scan-300x246.jpg 300w, http:\/\/xn--vrstetter-miteinander-hec.de\/wp-content\/uploads\/2017\/02\/Scan-768x630.jpg 768w, http:\/\/xn--vrstetter-miteinander-hec.de\/wp-content\/uploads\/2017\/02\/Scan.jpg 1395w\" width=\"640\" height=\"525\" \/><\/a><\/h2>\n<h2>\u00dcber diese sehr gut besuchte Einwohnerversammlung berichtete die <a href=\"http:\/\/badische-zeitung.de\/...\/voerstetten\/buerger-zeigen-grosses-Interesse-an-geplanter-Pflegeeinrichtung\" target=\"_blank\" rel=\"noopener noreferrer\">Badische Zeitung am 25.02.2017<\/a><\/h2>\n<h4>(zum Aufrufen des Artikels bitte anklicken)<\/h4>\n<p>&nbsp;<\/p>\n<p>&nbsp;<\/p>\n<p>&nbsp;<\/p>\n","protected":false},"excerpt":{"rendered":"<p>&nbsp; Die Badische Zeitung berichtet am 6.10.2017 unter dem Titel: &#8222;Das Tor zum Dorf &#8222; &nbsp; &nbsp; Montag, 17. Juli 2017 um 16.30 Uhr: Spatenstich f\u00fcr das Roteux-Quartier &#8211; Ank\u00fcndigung in der Badischen Zeitung am 12.07.2017: Baubeginn f\u00fcr integratives Projekt &hellip; <a href=\"https:\/\/xn--vrstetter-miteinander-hec.de\/?page_id=1185\">Weiterlesen <span class=\"meta-nav\">&rarr;<\/span><\/a><\/p>\n","protected":false},"author":4,"featured_media":0,"parent":234,"menu_order":0,"comment_status":"closed","ping_status":"closed","template":"","meta":{"footnotes":""},"class_list":["post-1185","page","type-page","status-publish","hentry"],"_links":{"self":[{"href":"https:\/\/xn--vrstetter-miteinander-hec.de\/index.php?rest_route=\/wp\/v2\/pages\/1185","targetHints":{"allow":["GET"]}}],"collection":[{"href":"https:\/\/xn--vrstetter-miteinander-hec.de\/index.php?rest_route=\/wp\/v2\/pages"}],"about":[{"href":"https:\/\/xn--vrstetter-miteinander-hec.de\/index.php?rest_route=\/wp\/v2\/types\/page"}],"author":[{"embeddable":true,"href":"https:\/\/xn--vrstetter-miteinander-hec.de\/index.php?rest_route=\/wp\/v2\/users\/4"}],"replies":[{"embeddable":true,"href":"https:\/\/xn--vrstetter-miteinander-hec.de\/index.php?rest_route=%2Fwp%2Fv2%2Fcomments&post=1185"}],"version-history":[{"count":15,"href":"https:\/\/xn--vrstetter-miteinander-hec.de\/index.php?rest_route=\/wp\/v2\/pages\/1185\/revisions"}],"predecessor-version":[{"id":1329,"href":"https:\/\/xn--vrstetter-miteinander-hec.de\/index.php?rest_route=\/wp\/v2\/pages\/1185\/revisions\/1329"}],"up":[{"embeddable":true,"href":"https:\/\/xn--vrstetter-miteinander-hec.de\/index.php?rest_route=\/wp\/v2\/pages\/234"}],"wp:attachment":[{"href":"https:\/\/xn--vrstetter-miteinander-hec.de\/index.php?rest_route=%2Fwp%2Fv2%2Fmedia&parent=1185"}],"curies":[{"name":"wp","href":"https:\/\/api.w.org\/{rel}","templated":true}]}}