{"id":1824,"date":"2022-07-06T20:52:22","date_gmt":"2022-07-06T18:52:22","guid":{"rendered":"https:\/\/xn--vrstetter-miteinander-hec.de\/?page_id=1824"},"modified":"2022-07-06T21:27:23","modified_gmt":"2022-07-06T19:27:23","slug":"2020-2","status":"publish","type":"page","link":"https:\/\/xn--vrstetter-miteinander-hec.de\/?page_id=1824","title":{"rendered":"2020"},"content":{"rendered":"<h2><span style=\"color: #008000;\"><strong>Erstes vorsichtiges Treffen einiger Aktiver des V\u00f6rstetter Miteinander e.V. im August 2020<\/strong><\/span><\/h2>\n<p><a href=\"http:\/\/www.xn--vrstetter-miteinander-hec.de\/?attachment_id=1682\" rel=\"attachment wp-att-1682\"><img loading=\"lazy\" decoding=\"async\" class=\"aligncenter wp-image-1682 size-full\" src=\"http:\/\/www.xn--vrstetter-miteinander-hec.de\/wp-content\/uploads\/2020\/08\/2020.08.18-Aktive-LG-2-scaled.jpg\" alt=\"\" width=\"2560\" height=\"1920\" srcset=\"https:\/\/xn--vrstetter-miteinander-hec.de\/wp-content\/uploads\/2020\/08\/2020.08.18-Aktive-LG-2-scaled.jpg 2560w, https:\/\/xn--vrstetter-miteinander-hec.de\/wp-content\/uploads\/2020\/08\/2020.08.18-Aktive-LG-2-300x225.jpg 300w, https:\/\/xn--vrstetter-miteinander-hec.de\/wp-content\/uploads\/2020\/08\/2020.08.18-Aktive-LG-2-1024x768.jpg 1024w, https:\/\/xn--vrstetter-miteinander-hec.de\/wp-content\/uploads\/2020\/08\/2020.08.18-Aktive-LG-2-768x576.jpg 768w, https:\/\/xn--vrstetter-miteinander-hec.de\/wp-content\/uploads\/2020\/08\/2020.08.18-Aktive-LG-2-1536x1152.jpg 1536w, https:\/\/xn--vrstetter-miteinander-hec.de\/wp-content\/uploads\/2020\/08\/2020.08.18-Aktive-LG-2-2048x1536.jpg 2048w\" sizes=\"auto, (max-width: 2560px) 100vw, 2560px\" \/><\/a><a href=\"http:\/\/www.xn--vrstetter-miteinander-hec.de\/?attachment_id=1680\" rel=\"attachment wp-att-1680\"><img loading=\"lazy\" decoding=\"async\" class=\"aligncenter wp-image-1680 size-full\" src=\"http:\/\/www.xn--vrstetter-miteinander-hec.de\/wp-content\/uploads\/2020\/08\/2020.08.18-Aktive-im-LG-1-scaled.jpg\" alt=\"\" width=\"2560\" height=\"1920\" srcset=\"https:\/\/xn--vrstetter-miteinander-hec.de\/wp-content\/uploads\/2020\/08\/2020.08.18-Aktive-im-LG-1-scaled.jpg 2560w, https:\/\/xn--vrstetter-miteinander-hec.de\/wp-content\/uploads\/2020\/08\/2020.08.18-Aktive-im-LG-1-300x225.jpg 300w, https:\/\/xn--vrstetter-miteinander-hec.de\/wp-content\/uploads\/2020\/08\/2020.08.18-Aktive-im-LG-1-1024x768.jpg 1024w, https:\/\/xn--vrstetter-miteinander-hec.de\/wp-content\/uploads\/2020\/08\/2020.08.18-Aktive-im-LG-1-768x576.jpg 768w, https:\/\/xn--vrstetter-miteinander-hec.de\/wp-content\/uploads\/2020\/08\/2020.08.18-Aktive-im-LG-1-1536x1152.jpg 1536w, https:\/\/xn--vrstetter-miteinander-hec.de\/wp-content\/uploads\/2020\/08\/2020.08.18-Aktive-im-LG-1-2048x1536.jpg 2048w\" sizes=\"auto, (max-width: 2560px) 100vw, 2560px\" \/><\/a><\/p>\n<p>Auf Einladdung von Wilma Raynor fand das erste Treffen 2020 im Garten des Landgasthauses statt. Wie wichtig es war zeigte die rege Diskussion.<\/p>\n<p>Schnell wurde aber auch klar, dass die ersten offiziellen Veranstaltungen weiterhin zur\u00fcckgestellt werden m\u00fcssen. Einen Fahrplan gab es deshalb noch nicht. Vernunft und Geduld sind unter Ber\u00fccksichtigung der gro\u00dfen Verantwortung f\u00fcr die Gesundheit unserer Mitglieder gefragt.<\/p>\n<h3><\/h3>\n","protected":false},"excerpt":{"rendered":"<p>Erstes vorsichtiges Treffen einiger Aktiver des V\u00f6rstetter Miteinander e.V. im August 2020 Auf Einladdung von Wilma Raynor fand das erste Treffen 2020 im Garten des Landgasthauses statt. Wie wichtig es war zeigte die rege Diskussion. Schnell wurde aber auch klar, &hellip; <a href=\"https:\/\/xn--vrstetter-miteinander-hec.de\/?page_id=1824\">Weiterlesen <span class=\"meta-nav\">&rarr;<\/span><\/a><\/p>\n","protected":false},"author":4,"featured_media":0,"parent":234,"menu_order":6,"comment_status":"closed","ping_status":"closed","template":"","meta":{"footnotes":""},"class_list":["post-1824","page","type-page","status-publish","hentry"],"_links":{"self":[{"href":"https:\/\/xn--vrstetter-miteinander-hec.de\/index.php?rest_route=\/wp\/v2\/pages\/1824","targetHints":{"allow":["GET"]}}],"collection":[{"href":"https:\/\/xn--vrstetter-miteinander-hec.de\/index.php?rest_route=\/wp\/v2\/pages"}],"about":[{"href":"https:\/\/xn--vrstetter-miteinander-hec.de\/index.php?rest_route=\/wp\/v2\/types\/page"}],"author":[{"embeddable":true,"href":"https:\/\/xn--vrstetter-miteinander-hec.de\/index.php?rest_route=\/wp\/v2\/users\/4"}],"replies":[{"embeddable":true,"href":"https:\/\/xn--vrstetter-miteinander-hec.de\/index.php?rest_route=%2Fwp%2Fv2%2Fcomments&post=1824"}],"version-history":[{"count":2,"href":"https:\/\/xn--vrstetter-miteinander-hec.de\/index.php?rest_route=\/wp\/v2\/pages\/1824\/revisions"}],"predecessor-version":[{"id":1844,"href":"https:\/\/xn--vrstetter-miteinander-hec.de\/index.php?rest_route=\/wp\/v2\/pages\/1824\/revisions\/1844"}],"up":[{"embeddable":true,"href":"https:\/\/xn--vrstetter-miteinander-hec.de\/index.php?rest_route=\/wp\/v2\/pages\/234"}],"wp:attachment":[{"href":"https:\/\/xn--vrstetter-miteinander-hec.de\/index.php?rest_route=%2Fwp%2Fv2%2Fmedia&parent=1824"}],"curies":[{"name":"wp","href":"https:\/\/api.w.org\/{rel}","templated":true}]}}