{"id":1826,"date":"2022-07-06T20:53:06","date_gmt":"2022-07-06T18:53:06","guid":{"rendered":"https:\/\/xn--vrstetter-miteinander-hec.de\/?page_id=1826"},"modified":"2022-07-06T21:30:03","modified_gmt":"2022-07-06T19:30:03","slug":"2021-2","status":"publish","type":"page","link":"https:\/\/xn--vrstetter-miteinander-hec.de\/?page_id=1826","title":{"rendered":"2021"},"content":{"rendered":"<h1><strong>Organisation von Impfterminen<\/strong><\/h1>\n<h2>Da viele Betroffene gro\u00dfe Probleme bei der Organisation der Impftermine haben, bietet das V\u00f6rstetter Miteinander ab sofort Unterst\u00fctzung an.<\/h2>\n<h2>\u00c4ltere, alleinstehende, hilfebed\u00fcrftige Bewohner der Gemeinde V\u00f6rstetten d\u00fcrfen sich gerne an<\/h2>\n<p><strong>Claudia Kettner, Tel. 881 320 1,<\/strong><\/p>\n<p><strong>Wilma Raynor, Tel. 2518 oder<\/strong><\/p>\n<p><strong>Holger Lebender, Tel. 4231<\/strong><\/p>\n<h2>wenden, um Unterst\u00fctzung bei der Beschaffung eines Impftermins zu erhalten.<\/h2>\n<p>&nbsp;<\/p>\n<p><strong>Wichtiger Hinweis zur telefonischen Terminvereinbarung eines Impftermins<\/strong><\/p>\n<p>Alle Personen, die \u00fcber die <strong>Telefonnummer 116 117<\/strong> einen Impftermin vereinbaren m\u00f6chten, werden gebeten, unbedingt die Bandansage zu befolgen. Denn um einen Impftermin zu erhalten, muss gleich nach der ersten Ansage die &#8222;1&#8220; gew\u00e4hlt werden und anschlie\u00dfend die weiteren Ansagen beachtet werden.<\/p>\n<p>Impftermine k\u00f6nnen au\u00dferdem auch im Internet unter <strong>www.impfterminservice.de<\/strong> reserviert werden.<\/p>\n<p><span style=\"color: #008000;\">Bitte beachten Sie auch die Information der Gemeinde V\u00f6rstetten auf der Seite 1 des Amtsblatts Nr. 03 vom 21. Januar 2021<\/span><\/p>\n<p>&nbsp;<\/p>\n<h3><a href=\"https:\/\/xn--vrstetter-miteinander-hec.de\/?attachment_id=1752\" rel=\"attachment wp-att-1752\"><img loading=\"lazy\" decoding=\"async\" class=\"aligncenter wp-image-1752 size-full\" src=\"https:\/\/xn--vrstetter-miteinander-hec.de\/wp-content\/uploads\/2021\/12\/fuer-Homepage.jpg\" alt=\"\" width=\"973\" height=\"554\" srcset=\"https:\/\/xn--vrstetter-miteinander-hec.de\/wp-content\/uploads\/2021\/12\/fuer-Homepage.jpg 973w, https:\/\/xn--vrstetter-miteinander-hec.de\/wp-content\/uploads\/2021\/12\/fuer-Homepage-300x171.jpg 300w, https:\/\/xn--vrstetter-miteinander-hec.de\/wp-content\/uploads\/2021\/12\/fuer-Homepage-768x437.jpg 768w\" sizes=\"auto, (max-width: 973px) 100vw, 973px\" \/><\/a><\/h3>\n<p>&nbsp;<\/p>\n<p>&nbsp;<\/p>\n<p><a href=\"https:\/\/xn--vrstetter-miteinander-hec.de\/?attachment_id=1747\" rel=\"attachment wp-att-1747\"><img loading=\"lazy\" decoding=\"async\" class=\"alignnone size-thumbnail wp-image-1747\" src=\"https:\/\/xn--vrstetter-miteinander-hec.de\/wp-content\/uploads\/2021\/11\/Bild-Virus-150x150.jpg\" alt=\"\" width=\"150\" height=\"150\" srcset=\"https:\/\/xn--vrstetter-miteinander-hec.de\/wp-content\/uploads\/2021\/11\/Bild-Virus-150x150.jpg 150w, https:\/\/xn--vrstetter-miteinander-hec.de\/wp-content\/uploads\/2021\/11\/Bild-Virus-300x300.jpg 300w, https:\/\/xn--vrstetter-miteinander-hec.de\/wp-content\/uploads\/2021\/11\/Bild-Virus-768x768.jpg 768w, https:\/\/xn--vrstetter-miteinander-hec.de\/wp-content\/uploads\/2021\/11\/Bild-Virus.jpg 988w\" sizes=\"auto, (max-width: 150px) 100vw, 150px\" \/><\/a><a href=\"https:\/\/xn--vrstetter-miteinander-hec.de\/?attachment_id=1746\" rel=\"attachment wp-att-1746\"><img loading=\"lazy\" decoding=\"async\" class=\"alignnone wp-image-1746 size-full\" src=\"https:\/\/xn--vrstetter-miteinander-hec.de\/wp-content\/uploads\/2021\/11\/Verschiebung-wegen-Corona-18.11.2021.jpg\" alt=\"\" width=\"774\" height=\"417\" srcset=\"https:\/\/xn--vrstetter-miteinander-hec.de\/wp-content\/uploads\/2021\/11\/Verschiebung-wegen-Corona-18.11.2021.jpg 774w, https:\/\/xn--vrstetter-miteinander-hec.de\/wp-content\/uploads\/2021\/11\/Verschiebung-wegen-Corona-18.11.2021-300x162.jpg 300w, https:\/\/xn--vrstetter-miteinander-hec.de\/wp-content\/uploads\/2021\/11\/Verschiebung-wegen-Corona-18.11.2021-768x414.jpg 768w\" sizes=\"auto, (max-width: 774px) 100vw, 774px\" \/><\/a><\/p>\n<h3><a href=\"https:\/\/xn--vrstetter-miteinander-hec.de\/?attachment_id=1747\" rel=\"attachment wp-att-1747\"><img loading=\"lazy\" decoding=\"async\" class=\"size-thumbnail wp-image-1747 alignright\" src=\"https:\/\/xn--vrstetter-miteinander-hec.de\/wp-content\/uploads\/2021\/11\/Bild-Virus-150x150.jpg\" alt=\"\" width=\"150\" height=\"150\" srcset=\"https:\/\/xn--vrstetter-miteinander-hec.de\/wp-content\/uploads\/2021\/11\/Bild-Virus-150x150.jpg 150w, https:\/\/xn--vrstetter-miteinander-hec.de\/wp-content\/uploads\/2021\/11\/Bild-Virus-300x300.jpg 300w, https:\/\/xn--vrstetter-miteinander-hec.de\/wp-content\/uploads\/2021\/11\/Bild-Virus-768x768.jpg 768w, https:\/\/xn--vrstetter-miteinander-hec.de\/wp-content\/uploads\/2021\/11\/Bild-Virus.jpg 988w\" sizes=\"auto, (max-width: 150px) 100vw, 150px\" \/><\/a><\/h3>\n<p>&nbsp;<\/p>\n<h3><\/h3>\n<h3><\/h3>\n<h3><\/h3>\n<h3><a href=\"https:\/\/xn--vrstetter-miteinander-hec.de\/?attachment_id=1742\" rel=\"attachment wp-att-1742\"><img loading=\"lazy\" decoding=\"async\" class=\"aligncenter wp-image-1742 size-full\" src=\"https:\/\/xn--vrstetter-miteinander-hec.de\/wp-content\/uploads\/2021\/11\/2021.11.03-Amtsblatt.jpg\" alt=\"\" width=\"753\" height=\"655\" srcset=\"https:\/\/xn--vrstetter-miteinander-hec.de\/wp-content\/uploads\/2021\/11\/2021.11.03-Amtsblatt.jpg 753w, https:\/\/xn--vrstetter-miteinander-hec.de\/wp-content\/uploads\/2021\/11\/2021.11.03-Amtsblatt-300x261.jpg 300w\" sizes=\"auto, (max-width: 753px) 100vw, 753px\" \/><\/a><\/h3>\n<h3>Diese Einladung nehmen wir gerne zum Anlass auf unsere<\/h3>\n<h4>\u00a0\u00a0\u00a0\u00a0\u00a0\u00a0\u00a0\u00a0\u00a0\u00a0\u00a0\u00a0\u00a0\u00a0\u00a0\u00a0<strong> Mitgliederversammlung am 24. November um 18.88 Uhr, <\/strong><\/h4>\n<h4><strong>\u00a0\u00a0\u00a0\u00a0\u00a0\u00a0\u00a0\u00a0\u00a0\u00a0\u00a0\u00a0\u00a0\u00a0\u00a0\u00a0 ebenfalls in der Begegnungsst\u00e4tte des Roteux-Quartiers<\/strong><\/h4>\n<p>hinzuweisen. Die Ausschreibung erfolgt rechtzeitig im Amtsblatt.<\/p>\n<p>Ihr V\u00f6rstetter Miteinander e.V.<\/p>\n<h1><a href=\"http:\/\/www.xn--vrstetter-miteinander-hec.de\/?attachment_id=1702\" rel=\"attachment wp-att-1702\"><img loading=\"lazy\" decoding=\"async\" class=\"aligncenter wp-image-1702 size-full\" src=\"http:\/\/www.xn--vrstetter-miteinander-hec.de\/wp-content\/uploads\/2021\/02\/2021.02.10-Rundbrief-Vorstand.jpg\" alt=\"\" width=\"1299\" height=\"1880\" srcset=\"https:\/\/xn--vrstetter-miteinander-hec.de\/wp-content\/uploads\/2021\/02\/2021.02.10-Rundbrief-Vorstand.jpg 1299w, https:\/\/xn--vrstetter-miteinander-hec.de\/wp-content\/uploads\/2021\/02\/2021.02.10-Rundbrief-Vorstand-207x300.jpg 207w, https:\/\/xn--vrstetter-miteinander-hec.de\/wp-content\/uploads\/2021\/02\/2021.02.10-Rundbrief-Vorstand-708x1024.jpg 708w, https:\/\/xn--vrstetter-miteinander-hec.de\/wp-content\/uploads\/2021\/02\/2021.02.10-Rundbrief-Vorstand-768x1112.jpg 768w, https:\/\/xn--vrstetter-miteinander-hec.de\/wp-content\/uploads\/2021\/02\/2021.02.10-Rundbrief-Vorstand-1061x1536.jpg 1061w\" sizes=\"auto, (max-width: 1299px) 100vw, 1299px\" \/><\/a>Hier finden Sie unseren neuen Flyer:<\/h1>\n<p><a href=\"http:\/\/www.xn--vrstetter-miteinander-hec.de\/wp-content\/uploads\/2021\/03\/Flyer_Miteinander_PRINT.pdf\">Flyer <\/a>(bitte anklicken)<\/p>\n<p><a href=\"http:\/\/www.xn--vrstetter-miteinander-hec.de\/wp-content\/uploads\/2021\/03\/Datenschutzgrund..28072020.pdf\" rel=\"attachment wp-att-1727\">Informationen zum Umgang mit personenbezogenen Daten<\/a><\/p>\n<p>&#8212;&#8212;&#8212;&#8212;&#8212;&#8212;&#8212;&#8212;&#8212;&#8212;&#8212;&#8212;&#8212;&#8212;&#8212;&#8212;&#8212;&#8212;&#8212;&#8212;&#8212;&#8212;&#8212;&#8212;&#8212;&#8212;&#8212;&#8212;&#8212;&#8212;&#8212;&#8212;&#8212;&#8212;&#8212;-<\/p>\n<p>&nbsp;<\/p>\n<p>&nbsp;<\/p>\n<p style=\"text-align: center;\">&#8212;&#8212;&#8212;&#8212;&#8212;&#8212;&#8212;&#8212;&#8212;&#8212;&#8212;&#8212;&#8212;&#8212;&#8212;&#8212;&#8212;&#8212;&#8212;&#8212;&#8212;&#8212;&#8212;&#8212;&#8212;&#8212;&#8212;&#8212;&#8212;&#8212;&#8212;&#8212;&#8212;&#8212;&#8212;&#8212;&#8212;&#8212;&#8211;<\/p>\n<p>&nbsp;<\/p>\n<h2><\/h2>\n<h2><a href=\"http:\/\/www.xn--vrstetter-miteinander-hec.de\/?attachment_id=1694\" rel=\"attachment wp-att-1694\"><img loading=\"lazy\" decoding=\"async\" class=\"aligncenter wp-image-1694 size-full\" src=\"http:\/\/www.xn--vrstetter-miteinander-hec.de\/wp-content\/uploads\/2020\/12\/Weihnachtsgruss-2020.jpg\" alt=\"\" width=\"1661\" height=\"2338\" srcset=\"https:\/\/xn--vrstetter-miteinander-hec.de\/wp-content\/uploads\/2020\/12\/Weihnachtsgruss-2020.jpg 1661w, https:\/\/xn--vrstetter-miteinander-hec.de\/wp-content\/uploads\/2020\/12\/Weihnachtsgruss-2020-213x300.jpg 213w, https:\/\/xn--vrstetter-miteinander-hec.de\/wp-content\/uploads\/2020\/12\/Weihnachtsgruss-2020-727x1024.jpg 727w, https:\/\/xn--vrstetter-miteinander-hec.de\/wp-content\/uploads\/2020\/12\/Weihnachtsgruss-2020-768x1081.jpg 768w, https:\/\/xn--vrstetter-miteinander-hec.de\/wp-content\/uploads\/2020\/12\/Weihnachtsgruss-2020-1091x1536.jpg 1091w, https:\/\/xn--vrstetter-miteinander-hec.de\/wp-content\/uploads\/2020\/12\/Weihnachtsgruss-2020-1455x2048.jpg 1455w\" sizes=\"auto, (max-width: 1661px) 100vw, 1661px\" \/><\/a><\/h2>\n<p>&nbsp;<\/p>\n<p>&nbsp;<\/p>\n<h2><\/h2>\n<h3>&#8212;&#8212;&#8212;&#8212;&#8212;&#8212;&#8212;&#8212;&#8212;&#8212;&#8212;&#8212;&#8212;&#8212;&#8212;&#8212;&#8212;&#8212;&#8212;&#8212;&#8212;&#8212;&#8212;&#8212;&#8212;&#8212;&#8212;&#8212;&#8212;&#8212;&#8212;&#8212;&#8212;&#8212;&#8212;&#8212;&#8212;&#8212;&#8212;&#8212;&#8211;<\/h3>\n<h2><\/h2>\n<h2><span style=\"color: #008000;\">15. Juni 2020<\/span><\/h2>\n<p><span style=\"color: #008000;\"><strong><em>Liebe Mitglieder, endlich ist es wieder so weit.<\/em><\/strong><\/span><\/p>\n<p><span style=\"color: #008000;\"><strong><em>Am 18. Juni um 9.00 Uhr und danach immer wieder donnerstags zur gleichen Zeit, treffen wir uns zum Nordic Walking mit Marianne.<\/em><\/strong><\/span><\/p>\n<p><span style=\"color: #008000;\"><strong><em>Treffpunkt ist der Parkplatz bei der Heinz-Ritter-Halle.<\/em><\/strong><\/span><\/p>\n<p>______________________________________________________________<\/p>\n<p><a href=\"http:\/\/www.xn--vrstetter-miteinander-hec.de\/?attachment_id=1645\" rel=\"attachment wp-att-1645\"><img loading=\"lazy\" decoding=\"async\" class=\"aligncenter wp-image-1645 size-full\" src=\"http:\/\/www.xn--vrstetter-miteinander-hec.de\/wp-content\/uploads\/2020\/04\/Ostergr\u00fc\u00dfe-2020.jpg\" alt=\"\" width=\"1511\" height=\"1478\" srcset=\"https:\/\/xn--vrstetter-miteinander-hec.de\/wp-content\/uploads\/2020\/04\/Ostergr\u00fc\u00dfe-2020.jpg 1511w, https:\/\/xn--vrstetter-miteinander-hec.de\/wp-content\/uploads\/2020\/04\/Ostergr\u00fc\u00dfe-2020-300x293.jpg 300w, https:\/\/xn--vrstetter-miteinander-hec.de\/wp-content\/uploads\/2020\/04\/Ostergr\u00fc\u00dfe-2020-1024x1002.jpg 1024w, https:\/\/xn--vrstetter-miteinander-hec.de\/wp-content\/uploads\/2020\/04\/Ostergr\u00fc\u00dfe-2020-768x751.jpg 768w\" sizes=\"auto, (max-width: 1511px) 100vw, 1511px\" \/><\/a><\/p>\n<p>&nbsp;<\/p>\n<p>&nbsp;<\/p>\n<h2><strong><span style=\"color: #ff0000;\">Der Verein V\u00f6rstetter Miteinander e.V. sagt ab sofort alle Veranstaltungen, die im Roteux-Quartier stattfinden, ab. <\/span><\/strong><\/h2>\n<h2><strong><span style=\"color: #ff0000;\">Wir werden rechtzeitig darauf hinweisen, ab wann der Verein seine T\u00e4tigkeit wieder aufnimmt.<\/span><\/strong><\/h2>\n<p>&nbsp;<\/p>\n<h2><\/h2>\n<p>&nbsp;<\/p>\n<p>Wochenzeitung &#8218;Von Haus Zu Haus&#8216; am 30.01.2020<\/p>\n<p><a href=\"http:\/\/www.xn--vrstetter-miteinander-hec.de\/?attachment_id=1612\" rel=\"attachment wp-att-1612\"><img loading=\"lazy\" decoding=\"async\" class=\"alignnone wp-image-1612 size-full\" src=\"http:\/\/www.xn--vrstetter-miteinander-hec.de\/wp-content\/uploads\/2020\/02\/Spende-150000-Euro-mit-Rahmen.jpg\" alt=\"Wochenzeitung 'Von Haus Zu Haus' am 30.01 2010\" width=\"808\" height=\"1117\" srcset=\"https:\/\/xn--vrstetter-miteinander-hec.de\/wp-content\/uploads\/2020\/02\/Spende-150000-Euro-mit-Rahmen.jpg 808w, https:\/\/xn--vrstetter-miteinander-hec.de\/wp-content\/uploads\/2020\/02\/Spende-150000-Euro-mit-Rahmen-217x300.jpg 217w, https:\/\/xn--vrstetter-miteinander-hec.de\/wp-content\/uploads\/2020\/02\/Spende-150000-Euro-mit-Rahmen-741x1024.jpg 741w, https:\/\/xn--vrstetter-miteinander-hec.de\/wp-content\/uploads\/2020\/02\/Spende-150000-Euro-mit-Rahmen-768x1062.jpg 768w\" sizes=\"auto, (max-width: 808px) 100vw, 808px\" \/><\/a><\/p>\n<p>&nbsp;<\/p>\n<p>&nbsp;<\/p>\n<h1><a href=\"http:\/\/www.xn--vrstetter-miteinander-hec.de\/?attachment_id=1402\" rel=\"attachment wp-att-1402\"><img loading=\"lazy\" decoding=\"async\" class=\"aligncenter wp-image-1402 size-full\" src=\"http:\/\/www.xn--vrstetter-miteinander-hec.de\/wp-content\/uploads\/2019\/06\/2019.05.29-Bericht-im-Haus-zu-Haus-1.jpg\" alt=\"\" width=\"2320\" height=\"1639\" srcset=\"https:\/\/xn--vrstetter-miteinander-hec.de\/wp-content\/uploads\/2019\/06\/2019.05.29-Bericht-im-Haus-zu-Haus-1.jpg 2320w, https:\/\/xn--vrstetter-miteinander-hec.de\/wp-content\/uploads\/2019\/06\/2019.05.29-Bericht-im-Haus-zu-Haus-1-300x212.jpg 300w, https:\/\/xn--vrstetter-miteinander-hec.de\/wp-content\/uploads\/2019\/06\/2019.05.29-Bericht-im-Haus-zu-Haus-1-768x543.jpg 768w, https:\/\/xn--vrstetter-miteinander-hec.de\/wp-content\/uploads\/2019\/06\/2019.05.29-Bericht-im-Haus-zu-Haus-1-1024x723.jpg 1024w\" sizes=\"auto, (max-width: 2320px) 100vw, 2320px\" \/><\/a><\/h1>\n<div id=\"attachment_1403\" style=\"width: 2458px\" class=\"wp-caption aligncenter\"><a href=\"http:\/\/www.xn--vrstetter-miteinander-hec.de\/?attachment_id=1403\" rel=\"attachment wp-att-1403\"><img loading=\"lazy\" decoding=\"async\" aria-describedby=\"caption-attachment-1403\" class=\"wp-image-1403 size-full\" src=\"http:\/\/www.xn--vrstetter-miteinander-hec.de\/wp-content\/uploads\/2019\/06\/IMG_48251.jpg\" alt=\"\" width=\"2448\" height=\"3264\" srcset=\"https:\/\/xn--vrstetter-miteinander-hec.de\/wp-content\/uploads\/2019\/06\/IMG_48251.jpg 2448w, https:\/\/xn--vrstetter-miteinander-hec.de\/wp-content\/uploads\/2019\/06\/IMG_48251-225x300.jpg 225w, https:\/\/xn--vrstetter-miteinander-hec.de\/wp-content\/uploads\/2019\/06\/IMG_48251-768x1024.jpg 768w\" sizes=\"auto, (max-width: 2448px) 100vw, 2448px\" \/><\/a><p id=\"caption-attachment-1403\" class=\"wp-caption-text\">Ehrengast Fritz Bolz mit Tafel aus Eichenholz-<br \/>diese wird k\u00fcnftig am Eingang der Begegnungsst\u00e4tte an die gro\u00dfe Spendenbereitschaft des<br \/>Ehepaares Anneliese und Fritz Bolz erinnern<\/p><\/div>\n<p><a href=\"http:\/\/www.xn--vrstetter-miteinander-hec.de\/?attachment_id=1395\" rel=\"attachment wp-att-1395\"><img loading=\"lazy\" decoding=\"async\" class=\"aligncenter wp-image-1395 size-full\" src=\"http:\/\/www.xn--vrstetter-miteinander-hec.de\/wp-content\/uploads\/2019\/05\/Scan.jpg\" alt=\"\" width=\"1384\" height=\"2080\" srcset=\"https:\/\/xn--vrstetter-miteinander-hec.de\/wp-content\/uploads\/2019\/05\/Scan.jpg 1384w, https:\/\/xn--vrstetter-miteinander-hec.de\/wp-content\/uploads\/2019\/05\/Scan-200x300.jpg 200w, https:\/\/xn--vrstetter-miteinander-hec.de\/wp-content\/uploads\/2019\/05\/Scan-768x1154.jpg 768w, https:\/\/xn--vrstetter-miteinander-hec.de\/wp-content\/uploads\/2019\/05\/Scan-681x1024.jpg 681w\" sizes=\"auto, (max-width: 1384px) 100vw, 1384px\" \/><\/a><\/p>\n<h1><\/h1>\n<p><a href=\"http:\/\/www.xn--vrstetter-miteinander-hec.de\/?attachment_id=1352\" rel=\"attachment wp-att-1352\"><img loading=\"lazy\" decoding=\"async\" class=\"aligncenter wp-image-1352 size-full\" src=\"http:\/\/www.xn--vrstetter-miteinander-hec.de\/wp-content\/uploads\/2019\/01\/Schau-mal-rein-am-16.01.2019.jpg\" alt=\"\" width=\"1344\" height=\"1968\" srcset=\"https:\/\/xn--vrstetter-miteinander-hec.de\/wp-content\/uploads\/2019\/01\/Schau-mal-rein-am-16.01.2019.jpg 1344w, https:\/\/xn--vrstetter-miteinander-hec.de\/wp-content\/uploads\/2019\/01\/Schau-mal-rein-am-16.01.2019-205x300.jpg 205w, https:\/\/xn--vrstetter-miteinander-hec.de\/wp-content\/uploads\/2019\/01\/Schau-mal-rein-am-16.01.2019-768x1125.jpg 768w, https:\/\/xn--vrstetter-miteinander-hec.de\/wp-content\/uploads\/2019\/01\/Schau-mal-rein-am-16.01.2019-699x1024.jpg 699w\" sizes=\"auto, (max-width: 1344px) 100vw, 1344px\" \/><\/a><\/p>\n<h1><a href=\"http:\/\/www.xn--vrstetter-miteinander-hec.de\/?attachment_id=1351\" rel=\"attachment wp-att-1351\"><img loading=\"lazy\" decoding=\"async\" class=\"aligncenter wp-image-1351 size-full\" src=\"http:\/\/www.xn--vrstetter-miteinander-hec.de\/wp-content\/uploads\/2019\/01\/Einzug.jpg\" alt=\"\" width=\"1480\" height=\"720\" srcset=\"https:\/\/xn--vrstetter-miteinander-hec.de\/wp-content\/uploads\/2019\/01\/Einzug.jpg 1480w, https:\/\/xn--vrstetter-miteinander-hec.de\/wp-content\/uploads\/2019\/01\/Einzug-300x146.jpg 300w, https:\/\/xn--vrstetter-miteinander-hec.de\/wp-content\/uploads\/2019\/01\/Einzug-768x374.jpg 768w, https:\/\/xn--vrstetter-miteinander-hec.de\/wp-content\/uploads\/2019\/01\/Einzug-1024x498.jpg 1024w\" sizes=\"auto, (max-width: 1480px) 100vw, 1480px\" \/><\/a><\/h1>\n<h1 style=\"text-align: center;\"><strong><a href=\"http:\/\/badische-zeitung.de\/...\/bewohner-ziehen-ins-roteux-Quartier--163316740html\">Ab Mittwoch, den 2. Januar 2019 herrscht Leben im Roteux-Quartier<\/a><\/strong><\/h1>\n<h3 style=\"text-align: center;\">(zum Bericht in der Badichen Zeitung bitte anklicken)<\/h3>\n<p>&nbsp;<\/p>\n<h2><\/h2>\n<p>&nbsp;<\/p>\n<h2><\/h2>\n","protected":false},"excerpt":{"rendered":"<p>Organisation von Impfterminen Da viele Betroffene gro\u00dfe Probleme bei der Organisation der Impftermine haben, bietet das V\u00f6rstetter Miteinander ab sofort Unterst\u00fctzung an. \u00c4ltere, alleinstehende, hilfebed\u00fcrftige Bewohner der Gemeinde V\u00f6rstetten d\u00fcrfen sich gerne an Claudia Kettner, Tel. 881 320 1, Wilma &hellip; <a href=\"https:\/\/xn--vrstetter-miteinander-hec.de\/?page_id=1826\">Weiterlesen <span class=\"meta-nav\">&rarr;<\/span><\/a><\/p>\n","protected":false},"author":4,"featured_media":0,"parent":234,"menu_order":7,"comment_status":"closed","ping_status":"closed","template":"","meta":{"footnotes":""},"class_list":["post-1826","page","type-page","status-publish","hentry"],"_links":{"self":[{"href":"https:\/\/xn--vrstetter-miteinander-hec.de\/index.php?rest_route=\/wp\/v2\/pages\/1826","targetHints":{"allow":["GET"]}}],"collection":[{"href":"https:\/\/xn--vrstetter-miteinander-hec.de\/index.php?rest_route=\/wp\/v2\/pages"}],"about":[{"href":"https:\/\/xn--vrstetter-miteinander-hec.de\/index.php?rest_route=\/wp\/v2\/types\/page"}],"author":[{"embeddable":true,"href":"https:\/\/xn--vrstetter-miteinander-hec.de\/index.php?rest_route=\/wp\/v2\/users\/4"}],"replies":[{"embeddable":true,"href":"https:\/\/xn--vrstetter-miteinander-hec.de\/index.php?rest_route=%2Fwp%2Fv2%2Fcomments&post=1826"}],"version-history":[{"count":6,"href":"https:\/\/xn--vrstetter-miteinander-hec.de\/index.php?rest_route=\/wp\/v2\/pages\/1826\/revisions"}],"predecessor-version":[{"id":1846,"href":"https:\/\/xn--vrstetter-miteinander-hec.de\/index.php?rest_route=\/wp\/v2\/pages\/1826\/revisions\/1846"}],"up":[{"embeddable":true,"href":"https:\/\/xn--vrstetter-miteinander-hec.de\/index.php?rest_route=\/wp\/v2\/pages\/234"}],"wp:attachment":[{"href":"https:\/\/xn--vrstetter-miteinander-hec.de\/index.php?rest_route=%2Fwp%2Fv2%2Fmedia&parent=1826"}],"curies":[{"name":"wp","href":"https:\/\/api.w.org\/{rel}","templated":true}]}}