{"id":1829,"date":"2022-07-06T21:04:35","date_gmt":"2022-07-06T19:04:35","guid":{"rendered":"https:\/\/xn--vrstetter-miteinander-hec.de\/?page_id=1829"},"modified":"2025-07-24T14:54:32","modified_gmt":"2025-07-24T12:54:32","slug":"taetigkeitsberichte","status":"publish","type":"page","link":"https:\/\/xn--vrstetter-miteinander-hec.de\/?page_id=1829","title":{"rendered":"T\u00e4tigkeitsberichte"},"content":{"rendered":"<p><strong>Mitgliederversammlung V\u00f6rstetter Miteinander e.V. am 25. Juni 2025<\/strong><\/p>\n<p>F\u00fcr die Aktiven der Arbeitsgemeinschaft Roteux gab es in der Zeit von Juni 2024 bis Juni 2025 insgesamt 39 Veranstaltungen,<\/p>\n<p><strong>Kaffee, Kuchen und Singen<\/strong> findet regelm\u00e4\u00dfig am 1. Dienstag des Monats statt und wir freuen uns sehr, dass Susanne Denzel und Wolfgang Eilers im Wechsel die musikalische Leitung \u00fcbernehmen. Es gab 12 Nachmittage mit z.T. kulturellem Programm.<br \/>\nMit\u00a0 Musikgruppe Roteux, Susanne und Wolfgang, Besuch des Sch\u00fclerchors und B\u00fcrgermeisters<\/p>\n<p>Mit <strong>zwei Exkursionen<\/strong> startete die AG in die neue Saison:<br \/>\nAbstieg bis zur 3. Sohle im Silberbergwerk Karolinengrube, Sexau (6. Juli 2024) und<br \/>\n<strong>Stadtf\u00fchrung mit Barbara Pernet<\/strong> in Freiburg (6. September)<\/p>\n<p>Beim <strong>Mittwochskino<\/strong> standen 5 Filme auf dem Programm, vier Literaturverfilmungen und \u201cKonklave\u201d aus aktuellem Anlass der Papstwahl.<\/p>\n<p>Am 25. Oktober erfreute das <strong>Duo RABAN<\/strong> (Urban Huber-W\u00f6lfle, Rahel W\u00f6lfle und \u00dcberraschungsgast Alexej \u00fcber 100 G\u00e4ste im Publikum.<\/p>\n<p>Am 10. November feierte der V\u00f6rstetter Miteinander e.V. sein <strong>10j\u00e4hriges Jubil\u00e4um<\/strong> mit zahlreichen Gr\u00fcndungsmitgliedern, Aktiven, Sponsoren und Kooperationspartnern. Musikalisch umrahmt wurde die Feier von einer kleinen Besetzung des Posaunenchors und f\u00fcr das k\u00f6stliche Buffet sorgte Daniel Schillinger vom Landgasthaus V\u00f6rstetten.<\/p>\n<p>Beim<strong> G\u00e4ssle-Projekt<\/strong> der Gemeinde untersuchten Mitglieder des Vereins die historischen Zusammenh\u00e4nge f\u00fcr die Namensgebung der G\u00e4ssle und hielten diese schriftlich fest.<br \/>\nBei der G\u00e4ssle Er\u00f6ffnung am 17. November und der F\u00fchrung durch Martha Putz wurde auch das zweite Projekt des Vereins, die V\u00f6rstetter Kinder-Rallye vorgestellt.<br \/>\nDie Rallye ist ein Heft ab Klasse 3<\/p>\n<p>In der L\u00f6wenscheune fand in Kooperation mit dem F\u00f6rderverein der Gemeindeb\u00fccherei am 21. November ein Wohlf\u00fchlabend \u201c<strong>M\u00e4rchen und Musik<\/strong>\u201d statt.<\/p>\n<p><strong>Bernd Kristinus<\/strong> war mit zwei <strong>Vortr\u00e4gen<\/strong> zu Gast und sorgte f\u00fcr volles Haus mit:<br \/>\nAlte Kulturen in der W\u00fcste \u2013 Petra\/Jordanien am 11. Dezember<br \/>\nund Kuba am 19. Februar<\/p>\n<p>\u201cWie steht es um die Obstbaumbest\u00e4nde in V\u00f6rstetten\u201d war Thema von Dr. Patrick Pyttel am 21. M\u00e4rz und er stellte die Ergebnisse des <strong>Obstbaum Zensus<\/strong> vor.<\/p>\n<p>Eine <strong>Matinee am Sonnta<\/strong>g \u201cBalladen und Musik\u201d erfreute sich gro\u00dfer Beliebtheit. Am 13. April trugen Ronald Holzmann und Ricarda d\u2019Heureuse Balladen vor und musikalisch begleiteten Petra und Michael Fr\u00f6hlich die Rezitation.<\/p>\n<p>Die diesj\u00e4hrige <strong>Pflanzentauschb\u00f6rse<\/strong> fand am 26. April statt \u2013 es wurden viele Pflanzen, g\u00e4rtnerisches Wissen und Erfahrungen ausgetauscht.<\/p>\n<p>Eine neue Reihe startete unter der Leitung von Regina Link: <strong>Podiumsgespr\u00e4ch<\/strong> Family mit drei verschiedenen Themen f\u00fcr junge Familien.<br \/>\n9. April, Sensibilisierung f\u00fcr Kinderrechte (12 Besucher\/innen)<br \/>\n29. April, Ein Genie beherrscht das Chaos oder wie gelingt es mir, Ordnung im famili\u00e4ren Haushalt zu wahren. (27 Besucher\/innen)<br \/>\n20. Mai, Die unsichtbare to-do-Liste oder wie k\u00f6nnen wir der mentalen Belastung entkommen. (58 Besucher\/innen). Die Steigerung der Besucherzahl zeigt, dass sich die Reihe immer gr\u00f6\u00dferer Beliebtheit erfreute.<\/p>\n<p>Im Mai \u00fcberraschte uns der K\u00fcnstler Manfred Schill mit der <strong>Schenkung<\/strong> von sieben gro\u00dfformatigen gerahmten Blumenaquarellen f\u00fcr den Verein, von denen nun f\u00fcnf in der Begegnungsst\u00e4tte ihren Platz gefunden haben und zwei bekommt das Pflegeheim.<\/p>\n<p>Am 22. Juni erfreute Dr. Michael Bach sein Publikum mit <strong>Optischen T\u00e4uschungen<\/strong>, denn zahlreiche \u00dcberraschungsmomente sowie wissenschaftliche Erl\u00e4uterungen sorgten f\u00fcr Spannung. 95 Personen interessierten sich f\u00fcr dieses faszinierende Thema.<\/p>\n<p>Immer donnerstags trifft sich die Walking-Gruppe unter der Leitung von Marianne zum morgendlichen Rundgang mit und ohne St\u00f6cke.<\/p>\n<p>Herzlichen Dank an alle, die in der Planung und bei den Vorbereitungen helfen, die Kuchen backen sowie an alle, die f\u00fcr einen reibungslosen Ablauf bei den Veranstaltungen sorgen.<br \/>\nBericht von Wilma Raynor am 25. Juni 2025 f\u00fcr die Arbeitsgemeinschaft Roteux<\/p>\n<p><strong>Bilder zu den Berichten finden Sie unter Jahresr\u00fcckblicke<\/strong><\/p>\n<hr \/>\n<p><strong>Mitgliederversammlung V\u00f6rstetter Miteinander e.V. am 26. Juni 2024<\/strong><\/p>\n<p><strong>Bericht der Arbeitsgemeinschaft Roteux<\/strong><\/p>\n<p>Planungssitzung der AG Roteux am 24.01.2024<\/p>\n<p>F\u00fcr die Aktiven der Arbeitsgemeinschaft Roteux gab es in der Zeit von Juni 2023 bis Juni 2024 viele Aktivit\u00e4ten, die hier chronologisch\u00a0 zusammengefasst werden.<\/p>\n<p><strong>Kaffee, Kuchen und Singen<\/strong> findet regelm\u00e4\u00dfig am 1. Dienstag des Monats statt und wir freuen uns sehr, dass Susanne Denzel und Wolfgang Eilers im Wechsel die musikalische Leitung \u00fcbernehmen. Es gab 12 Nachmittage mit z.T. kulturellem Programm.<\/p>\n<p>Unsere G\u00e4ste waren Stadtf\u00fchrerin Barbara Pernet, die im November \u00fcber <strong>Freiburger Pers\u00f6nlichkeiten<\/strong> und im Mai \u00fcber <strong>Besonderheiten des Freiburger M\u00fcnsters<\/strong> Bildvortr\u00e4ge hielt. Viel Freude bereitete eine kleine Besetzung des <strong>Posaunenchors<\/strong> bei unserer Weihnachtsfeier.<\/p>\n<p>Hanna Lack und Wolfgang Eilers gestalteten im Februar einen <strong>Wilhelm Busch Nachmittag<\/strong> und Autorin Carola Horstmann las f\u00fcr uns im April <strong>Geschichten in alemannischer Mundart<\/strong> und stellte ihr neuestes Kinderbuch <strong>\u201eD\u2018Moolermuus<\/strong>\u201c vor.<\/p>\n<p>Wir setzten uns daf\u00fcr ein, dass die geflohenen Mitb\u00fcrger und Mitb\u00fcrgerinnen Unterst\u00fctzung beim <strong>Deutsch lernen<\/strong> durch Carmen Dier-Greiner mit ihrem Team haben und mittwochs finden nach Vereinbarung Deutsch Begleitkurse in der Begegnungsst\u00e4tte statt.<\/p>\n<p>Zwei Mal konnten wir die geflohenen Familien zu gem\u00fctlichen Nachmittagen ins <strong>Begegnungscaf\u00e9<\/strong> einladen.<\/p>\n<p>Eine besondere Freude war es, im Rahmen von \u201cKaffee, Kuchen, Singen\u201d die <strong>Ausstellung der<\/strong> <strong>Bilder von Mina Kauderer<\/strong> zu er\u00f6ffnen. Ihr Lehrer Franz Schuck hielt die Laudatio f\u00fcr Mina.<\/p>\n<p>Seit November 2022 bietet Elena Beck ihre beliebte \u201c<strong>Spa\u00dfzeit\u201d <\/strong>f\u00fcr Vorschulkinder einmal monatlich sonntags an.<\/p>\n<p>Die Kinder spielen, singen, tanzen, basteln, experimentieren und k\u00f6nnen ihre eigenen Ideen einbringen.<\/p>\n<p>Das Programm f\u00fcr Kinder wurde erg\u00e4nzt durch das <strong>Weihnachtsbasteln<\/strong> im November und das <strong>Osterbasteln<\/strong> im M\u00e4rz.<\/p>\n<p>Zwei Matinees am Sonntag Vormittag erfreuten sich gro\u00dfer Beliebtheit. Am 19. November rezitierte Ronald Holzmann \u201c<strong>Die Dreizehn Monate<\/strong>\u201d von Erich K\u00e4stner, die von Manfred Schill illustriert waren. Diese Veranstaltung f\u00fchrten wir gemeinsam mit dem F\u00f6rderverein der Gemeindeb\u00fccherei durch.<\/p>\n<p>Am 21. April nahm Ronald Holzmann erneut unsere Einladung an, dieses Mal mit den beiden Kolleginnen Ricarda d\u2019Heureuse und Renate Koch. Sie stimmten uns mit <strong>Gedichten \u00fcber die<\/strong> <strong>Liebe<\/strong> in den Fr\u00fchling ein. Beide Matinees hatten jeweils \u00fcber 60 Besucher und Besucherinnen.<\/p>\n<p>Zwei Abendveranstaltungen erwiesen sich ebenfalls als Publikumsmagnete, die Bilderreise von Bernd Kristinus und seiner Frau in <strong>Patagonien<\/strong> sowie der Vortag von Dr. Wolfgang Werner \u00fcber den <strong>Bergbau im Schwarzwald<\/strong>.<\/p>\n<p><strong>Mittwochskino <\/strong><\/p>\n<p>Auswahl der gezeigten Filme in diesem Jahr:<\/p>\n<p>Es gab 9 Filme, davon drei Literaturverfilmungen, drei Filme \u00fcber bekannte K\u00fcnstler und einer K\u00fcnstlerin und drei Filme, in denen die typische Landesk\u00fcchen eine gro\u00dfe Rolle spielten. Den gr\u00f6\u00dften Erfolg hatten wir mit \u201cDer Gesang der Flusskrebse\u201d mit \u00fcber 70 Besucherinnen und Besuchern.<\/p>\n<p>In Zusammenarbeit mit uns, zeigt der Deutsch-Franz\u00f6sische Partnerschaftsverein einmal monatlich Filme in Franz\u00f6sischer Sprache mit Deutschen Untertiteln.<\/p>\n<p>Seit Februar 2024 trifft sich die \u201cG\u00e4ssle Gruppe\u201d einmal im Monat, um das <strong>G\u00e4ssle-Projekt<\/strong> der Gemeinde zu unterst\u00fctzen \u00a0\u00a0und die historischen Zusammenh\u00e4nge f\u00fcr die Namensgebung der G\u00e4ssle zu untersuchen und schriftlich festzuhalten.<\/p>\n<p>Das zweite Projekt der Gruppe ist ein Heft f\u00fcr Sch\u00fcler und Sch\u00fclerinnen ab Klasse 3 mit einer <strong>Kinder-Rallye in V\u00f6rstetten<\/strong> und dieses Projekt ist noch in Arbeit.<\/p>\n<p>Immer donnerstags trifft sich die <strong>Walking-Gruppe<\/strong> unter der Leitung von Marianne zum morgendlichen Rundgang mit und ohne St\u00f6cke.<\/p>\n<p>Die diesj\u00e4hrige <strong>Pflanzentauschb\u00f6rse<\/strong> wurde leider abgesagt, da wir zu wenige Pflanzen f\u00fcr die Tauschgesch\u00e4fte hatten.<\/p>\n<p>Herzlichen Dank an alle, die in der Planung und Vorbereitung arbeiten, an die Kuchenb\u00e4ckerinnen und an alle, die f\u00fcr einen reibungslosen Ablauf bei den Veranstaltungen sorgen.<\/p>\n<p>Bericht von Wilma Raynor am 26. Juni 2024 f\u00fcr die Arbeitsgemeinschaft Roteux<\/p>\n<p><strong>Bilder zu den Berichten finden Sie unter Jahresr\u00fcckblicke<\/strong><\/p>\n<hr \/>\n<p><strong>Mitgliederversammlung V\u00f6rstetter Miteinander e.V. am 28. Juni 2023<\/strong><\/p>\n<p><strong>Bericht der Arbeitsgemeinschaft Roteux<\/strong><\/p>\n<p><a href=\"https:\/\/xn--vrstetter-miteinander-hec.de\/wp-content\/uploads\/2023\/07\/27b-Bericht-der-Arbeitsgruppe-Roteux-2022-2023.pdf\">27b Bericht der Arbeitsgruppe Roteux 2022-2023<\/a><\/p>\n<div class=\"page\" title=\"Page 1\">\n<div class=\"layoutArea\">\n<div class=\"column\">\n<p>Fu\u0308r die 29 Aktiven der Arbeitsgemeinschaft Roteux gab es seit der Mitgliederversammlung im vergangenen Jahr viele Aktivita\u0308ten, die hier chronologisch und mit Bildern zusammengefasst werden.<\/p>\n<p>Wir setzten uns dafu\u0308r ein, dass die ukrainischen Mitbu\u0308rger*innen, einen Deutsch- Integrationskurs der Volkshochschule seit dem 2. Mai 2022 in Vo\u0308rstetten besuchen konnten. Zusa\u0308tzlich zu dem VHS Kurs bot Carmen Dier-Greiner mit ihrem Team einmal in der Woche mittwochs nachmittags einen Deutsch Begleitkurs an, der in der Begegnungssta\u0308tte stattfand.<br \/>\nDrei Mal konnten wir die ukrainischen Familien einladen, die in Vo\u0308rstetten wohnen und sie in Zusammenarbeit mit der Katholischen Kirchengemeinde und dem Helferkreis mit einem Spielzeug- und Kleidermarkt unterstu\u0308tzen sowie die Kontakte mit ihnen bei drei gemu\u0308tlichen Nachmittagen pflegen.<br \/>\nAls Dank fu\u0308r alle, die mithalfen, gab es am 23.8.22 ein Helferfest mit Olexandr Vorobyov am Klavier, ein ukrainischer Barpianist, der schon seit einigen Jahren in Vo\u0308rstetten wohnt.<\/p>\n<p>&nbsp;<\/p>\n<\/div>\n<\/div>\n<\/div>\n<hr \/>\n<p><strong>Mitgliederversammlung V\u00f6rstetter Miteinander e.V. am 29. Juni 2022<\/strong><\/p>\n<p><strong>Bericht der Arbeitsgemeinschaft Roteux<\/strong><\/p>\n<p style=\"font-weight: 400;\">Alle Veranstaltungen f\u00fcr Mitglieder und G\u00e4ste sowie f\u00fcr das Pflegeheim ruhten seit der letzten Mitgliederversammlung vor zwei Jahren bis Dezember 2021 &#8211; \u00a0nur Marianne konnte das \u201eNordic Walking\u201c donnerstags vormittags regelm\u00e4\u00dfig anbieten.<\/p>\n<p style=\"font-weight: 400;\">F\u00fcr die 29 Aktiven der Arbeitsgemeinschaft Roteux gab es intern ein Treffen als Danke-Sch\u00f6n f\u00fcr die geleistete Arbeit und zur Kontaktpflege, damit wir nach den Kontaktbeschr\u00e4nkungen weiterhin mit Freude neue Aktivit\u00e4ten planen und durchf\u00fchren k\u00f6nnen.<\/p>\n<p style=\"font-weight: 400;\">Im Dezember 2021 nahm das <strong>Mittwochskino <\/strong>seinen Betrieb mit dem Film \u201e<strong>Nurejew \u2013 the White Crow<\/strong>\u201c wieder auf. Hier ging es um den russischen Ballettt\u00e4nzer Rudolf Nurejew, der in den 60er Jahren w\u00e4hrend eines Gastspiels in Frankreich politisches Asyl beantragte und nicht mehr nach Russland zur\u00fcckkehrte.<\/p>\n<p style=\"font-weight: 400;\">Anl\u00e4sslich des Internationalen Frauentags im M\u00e4rz zeigten wir den Film \u201e<strong>Die Unbeugsamen\u201c<\/strong>, eine emotional bewegende Chronik westdeutscher Politik von den 50er Jahren bis zur Wiedervereinigung, in der Frauen hart k\u00e4mpfen mussten, um ihren Platz und ihre Anerkennung in der Bonner Politik zu finden.<\/p>\n<p style=\"font-weight: 400;\">Am 18. Mai stand der Film <strong>Spitze!<\/strong> Auf dem Programm und zeigte die Sanierung des Freiburger M\u00fcnsterturms\u00a0 von 2006 bis 2018. Der Freiburger Filmemacher Stefan Ganter stieg in den 12 Jahren unendlich viele Male auf den M\u00fcnsterturm und l\u00e4sst in seinem Film den Zuschauer in unglaublicher N\u00e4he zu den Handwerkern an der Sanierung teilhaben.<\/p>\n<p style=\"font-weight: 400;\">Es war ein sehr warmer Abend, ein Fu\u00dfballl\u00e4nderspiel kam im Fernsehen und wir hatten ein dokumentarisches Filmangebot \u2013 aber zu unserer gro\u00dfen Freude kamen 35 Besucherinnen und Besucher zu unserem Kinoabend.<strong>\u00a0<\/strong><\/p>\n<p style=\"font-weight: 400;\"><strong>Seit M\u00e4rz sind wir auch mit Kaffee und Kuchen Veranstaltungen wieder aktiv<\/strong><\/p>\n<p style=\"font-weight: 400;\">Drei Mal konnten wir die ukrainischen Familien einladen, die seit M\u00e4rz in V\u00f6rstetten wohnen und sie in Zusammenarbeit mit der Katholischen Kirchengemeinde und dem Helferkreis unterst\u00fctzen.<\/p>\n<p style=\"font-weight: 400;\">Es gab zwei Mal <strong>Kaffee und Kuchen mit einem Spielzeug- und Kleidermarkt<\/strong><\/p>\n<p style=\"font-weight: 400;\">und einen <strong>Spielenachmittag <\/strong>f\u00fcr Kinder und Erwachsene zum Deutsch-\u00dcben.<\/p>\n<p style=\"font-weight: 400;\">Ferner waren wir aktiv beim <strong>V\u00f6rstetter Verschenketag<\/strong> am 7. Mai und konnten an alle, die Interesse hatten, sch\u00f6ne und gut erhaltene Kleider und Spielsachen verschenken, die wir in riesigen Mengen aus der Bev\u00f6lkerung gespendet bekamen. Wir waren insgesamt sehr zufrieden mit dem regen Besuch, konnten aber lange nicht alles verschenken, brachten Wintersachen zum Kleidercontainer und vier gro\u00dfe Kartons mit gut erhaltenen Sommersachen zur Kleiderkammer in Gundelfingen.<\/p>\n<p style=\"font-weight: 400;\">Wir setzten uns daf\u00fcr ein, \u00a0dass die ukrainischen Mitb\u00fcrger*innen, einen <strong>Deutsch-Integrationskurs der Volkshochschule<\/strong> seit dem 2. Mai in V\u00f6rstetten besuchen k\u00f6nnen. Die Gemeinde stellt die Begegnungsst\u00e4tte t\u00e4glich von Montag bis Freitag von 8:00 bis 12:00 Uhr zur Verf\u00fcgung und \u00fcbernimmt die Kosten f\u00fcr die Lehrb\u00fccher und weiteres Unterrichtsmaterial.<\/p>\n<p style=\"font-weight: 400;\">Unser Verein sorgt f\u00fcr die Verpflegung w\u00e4hrend der Pausen im Unterricht, worauf mit gro\u00dfer Herzlichkeit und Dankbarkeit reagiert wird.<\/p>\n<p style=\"font-weight: 400;\">Zus\u00e4tzlich zu dem VHS Kurs findet einmal in der Woche mittwochs nachmittags <strong>ein Deutsch Begleitkurs<\/strong> statt, den Carmen Dier-Greiner \u00fcber den Fl\u00fcchtlings-Helferkreis aktiviert hat und der in Zusammenarbeit mit uns ebenfalls in der Begegnungsst\u00e4tte stattfindet.<\/p>\n<p style=\"font-weight: 400;\"><strong>Kaffee, Kuchen und Singen<\/strong> fand erstmals seit 2 Jahren Pause am 14. Juni wieder statt und wir freuen uns sehr, dass Susanne Denzel und das ganze Helferteam wieder mit dabei sind. Christa sorgt auch wieder liebevoll f\u00fcr die Tischdeko.<\/p>\n<p style=\"font-weight: 400;\">Man glaubt es kaum, aber unsere B\u00e4ckerinnen haben schon 18 Kuchen gespendet und wir w\u00e4ren f\u00fcr weitere Kuchenangebote sehr dankbar.<\/p>\n<p style=\"font-weight: 400;\">Die n\u00e4chsten \u201eKaffee, Kuchen und Offenes Singen\u201c Termine sind immer am ersten Dienstag im Monat, also<\/p>\n<p style=\"font-weight: 400;\">am 5. Juli, 2. August, 6. September, 4. Oktober, \u00a0u.s.w.<\/p>\n<p style=\"font-weight: 400;\">V\u00f6rstetten, 28.06.2022, Wilma Raynor, Vorstandsmitglied<\/p>\n<p>&nbsp;<\/p>\n","protected":false},"excerpt":{"rendered":"<p>Mitgliederversammlung V\u00f6rstetter Miteinander e.V. am 25. Juni 2025 F\u00fcr die Aktiven der Arbeitsgemeinschaft Roteux gab es in der Zeit von Juni 2024 bis Juni 2025 insgesamt 39 Veranstaltungen, Kaffee, Kuchen und Singen findet regelm\u00e4\u00dfig am 1. Dienstag des Monats statt &hellip; <a href=\"https:\/\/xn--vrstetter-miteinander-hec.de\/?page_id=1829\">Weiterlesen <span class=\"meta-nav\">&rarr;<\/span><\/a><\/p>\n","protected":false},"author":4,"featured_media":0,"parent":114,"menu_order":0,"comment_status":"closed","ping_status":"closed","template":"onecolumn-page.php","meta":{"footnotes":""},"class_list":["post-1829","page","type-page","status-publish","hentry"],"_links":{"self":[{"href":"https:\/\/xn--vrstetter-miteinander-hec.de\/index.php?rest_route=\/wp\/v2\/pages\/1829","targetHints":{"allow":["GET"]}}],"collection":[{"href":"https:\/\/xn--vrstetter-miteinander-hec.de\/index.php?rest_route=\/wp\/v2\/pages"}],"about":[{"href":"https:\/\/xn--vrstetter-miteinander-hec.de\/index.php?rest_route=\/wp\/v2\/types\/page"}],"author":[{"embeddable":true,"href":"https:\/\/xn--vrstetter-miteinander-hec.de\/index.php?rest_route=\/wp\/v2\/users\/4"}],"replies":[{"embeddable":true,"href":"https:\/\/xn--vrstetter-miteinander-hec.de\/index.php?rest_route=%2Fwp%2Fv2%2Fcomments&post=1829"}],"version-history":[{"count":14,"href":"https:\/\/xn--vrstetter-miteinander-hec.de\/index.php?rest_route=\/wp\/v2\/pages\/1829\/revisions"}],"predecessor-version":[{"id":3249,"href":"https:\/\/xn--vrstetter-miteinander-hec.de\/index.php?rest_route=\/wp\/v2\/pages\/1829\/revisions\/3249"}],"up":[{"embeddable":true,"href":"https:\/\/xn--vrstetter-miteinander-hec.de\/index.php?rest_route=\/wp\/v2\/pages\/114"}],"wp:attachment":[{"href":"https:\/\/xn--vrstetter-miteinander-hec.de\/index.php?rest_route=%2Fwp%2Fv2%2Fmedia&parent=1829"}],"curies":[{"name":"wp","href":"https:\/\/api.w.org\/{rel}","templated":true}]}}