{"id":2036,"date":"2022-08-16T21:42:22","date_gmt":"2022-08-16T19:42:22","guid":{"rendered":"https:\/\/xn--vrstetter-miteinander-hec.de\/?page_id=2036"},"modified":"2022-08-16T21:45:12","modified_gmt":"2022-08-16T19:45:12","slug":"english-tea-time","status":"publish","type":"page","link":"https:\/\/xn--vrstetter-miteinander-hec.de\/?page_id=2036","title":{"rendered":"English Tea Time"},"content":{"rendered":"<p style=\"font-weight: 400;\"><a href=\"https:\/\/xn--vrstetter-miteinander-hec.de\/wp-content\/uploads\/2022\/08\/IMG_E6109.jpg\"><img loading=\"lazy\" decoding=\"async\" class=\"size-full wp-image-2020 alignleft\" src=\"https:\/\/xn--vrstetter-miteinander-hec.de\/wp-content\/uploads\/2022\/08\/IMG_E6109.jpg\" alt=\"\" width=\"867\" height=\"980\" srcset=\"https:\/\/xn--vrstetter-miteinander-hec.de\/wp-content\/uploads\/2022\/08\/IMG_E6109.jpg 867w, https:\/\/xn--vrstetter-miteinander-hec.de\/wp-content\/uploads\/2022\/08\/IMG_E6109-265x300.jpg 265w, https:\/\/xn--vrstetter-miteinander-hec.de\/wp-content\/uploads\/2022\/08\/IMG_E6109-768x868.jpg 768w\" sizes=\"auto, (max-width: 867px) 100vw, 867px\" \/><\/a>Sie haben die Gelegenheit,\u00a0in entspannter Atmosph\u00e4re bei Tee, Kaffee und Geb\u00e4ck Ihre Englischkenntnisse aufzufrischen und mit anderen Interessierten auf Englisch \u00fcber kulturelle, politische oder Themen Ihrer Wahl zu plaudern. Es w\u00e4re ein Versuch wert, das abgespeicherte Wissen wieder abzurufen.<\/p>\n<p style=\"font-weight: 400;\">Enjoy easy conversation and express your opinions in a relaxed atmosphere with a nice cup of tea or coffee.<\/p>\n<p style=\"font-weight: 400;\">Our team: Carmen, Heather, Sylvia, Wilma R. and Wilma S.<\/p>\n","protected":false},"excerpt":{"rendered":"<p>Sie haben die Gelegenheit,\u00a0in entspannter Atmosph\u00e4re bei Tee, Kaffee und Geb\u00e4ck Ihre Englischkenntnisse aufzufrischen und mit anderen Interessierten auf Englisch \u00fcber kulturelle, politische oder Themen Ihrer Wahl zu plaudern. Es w\u00e4re ein Versuch wert, das abgespeicherte Wissen wieder abzurufen. Enjoy &hellip; <a href=\"https:\/\/xn--vrstetter-miteinander-hec.de\/?page_id=2036\">Weiterlesen <span class=\"meta-nav\">&rarr;<\/span><\/a><\/p>\n","protected":false},"author":4,"featured_media":0,"parent":1931,"menu_order":0,"comment_status":"closed","ping_status":"closed","template":"onecolumn-page.php","meta":{"footnotes":""},"class_list":["post-2036","page","type-page","status-publish","hentry"],"_links":{"self":[{"href":"https:\/\/xn--vrstetter-miteinander-hec.de\/index.php?rest_route=\/wp\/v2\/pages\/2036","targetHints":{"allow":["GET"]}}],"collection":[{"href":"https:\/\/xn--vrstetter-miteinander-hec.de\/index.php?rest_route=\/wp\/v2\/pages"}],"about":[{"href":"https:\/\/xn--vrstetter-miteinander-hec.de\/index.php?rest_route=\/wp\/v2\/types\/page"}],"author":[{"embeddable":true,"href":"https:\/\/xn--vrstetter-miteinander-hec.de\/index.php?rest_route=\/wp\/v2\/users\/4"}],"replies":[{"embeddable":true,"href":"https:\/\/xn--vrstetter-miteinander-hec.de\/index.php?rest_route=%2Fwp%2Fv2%2Fcomments&post=2036"}],"version-history":[{"count":1,"href":"https:\/\/xn--vrstetter-miteinander-hec.de\/index.php?rest_route=\/wp\/v2\/pages\/2036\/revisions"}],"predecessor-version":[{"id":2037,"href":"https:\/\/xn--vrstetter-miteinander-hec.de\/index.php?rest_route=\/wp\/v2\/pages\/2036\/revisions\/2037"}],"up":[{"embeddable":true,"href":"https:\/\/xn--vrstetter-miteinander-hec.de\/index.php?rest_route=\/wp\/v2\/pages\/1931"}],"wp:attachment":[{"href":"https:\/\/xn--vrstetter-miteinander-hec.de\/index.php?rest_route=%2Fwp%2Fv2%2Fmedia&parent=2036"}],"curies":[{"name":"wp","href":"https:\/\/api.w.org\/{rel}","templated":true}]}}