{"id":2065,"date":"2022-08-23T21:39:49","date_gmt":"2022-08-23T19:39:49","guid":{"rendered":"https:\/\/xn--vrstetter-miteinander-hec.de\/?page_id=2065"},"modified":"2022-08-23T21:41:32","modified_gmt":"2022-08-23T19:41:32","slug":"pflanzentauschboerse","status":"publish","type":"page","link":"https:\/\/xn--vrstetter-miteinander-hec.de\/?page_id=2065","title":{"rendered":"Pflanzentauschb\u00f6rse"},"content":{"rendered":"<div>Bereits 2014 fand die erste Pflanzentauschb\u00f6rse\u00a0unter dem Motto &#8222;Suche Apfelbaum &#8211; Biete 2 Tulpenzwiebeln&#8220; nach der kreativen Idee und Gestaltung von Max Ro\u00dfkopf statt.<\/div>\n<div><\/div>\n<div>Was eine\/r im Garten zuviel hat, macht jemand anderen gl\u00fccklich.\u00a0Getauscht konnte alles werden, das mann\/frau im eigenen Garten er\u00fcbrigen konnte. Pflanzen, Ableger, Samen, Geh\u00f6lze, Blumenknollen, Fachzeitschriften und vieles mehr. Einen gro\u00dfen Raum nahmen die Fachgespr\u00e4che unter den\u00a0Hobbyg\u00e4rtner\/innen ein.<\/div>\n<div>Mag es das Pfl\u00e4nzchen lieber sonnig oder schattig, ist das Unkraut oder etwa ein Heilkraut? Und wie hei\u00dft das noch mal?<\/div>\n<div>Was nicht getauscht wurde, wurde verschenkt.<\/div>\n<div><\/div>\n<div>Auch im Fr\u00fchjahr 2023 wird wieder Anfang Mai eine Pflanzentauschb\u00f6rse stattfinden &#8211; lassen Sie sich \u00fcberraschen.<\/div>\n<div>\n<div><\/div>\n<\/div>\n<div>\n<div>\n<div id='gallery-1' class='gallery galleryid-2065 gallery-columns-3 gallery-size-thumbnail'><dl class='gallery-item'>\n\t\t\t<dt class='gallery-icon landscape'>\n\t\t\t\t<a href='https:\/\/xn--vrstetter-miteinander-hec.de\/?attachment_id=2008'><img loading=\"lazy\" decoding=\"async\" width=\"150\" height=\"150\" src=\"https:\/\/xn--vrstetter-miteinander-hec.de\/wp-content\/uploads\/2022\/08\/IMG_2861-150x150.jpg\" class=\"attachment-thumbnail size-thumbnail\" alt=\"\" \/><\/a>\n\t\t\t<\/dt><\/dl><dl class='gallery-item'>\n\t\t\t<dt class='gallery-icon portrait'>\n\t\t\t\t<a href='https:\/\/xn--vrstetter-miteinander-hec.de\/?attachment_id=2009'><img loading=\"lazy\" decoding=\"async\" width=\"150\" height=\"150\" src=\"https:\/\/xn--vrstetter-miteinander-hec.de\/wp-content\/uploads\/2022\/08\/IMG_6099-150x150.jpg\" class=\"attachment-thumbnail size-thumbnail\" alt=\"\" \/><\/a>\n\t\t\t<\/dt><\/dl><dl class='gallery-item'>\n\t\t\t<dt class='gallery-icon portrait'>\n\t\t\t\t<a href='https:\/\/xn--vrstetter-miteinander-hec.de\/?attachment_id=2010'><img loading=\"lazy\" decoding=\"async\" width=\"150\" height=\"150\" src=\"https:\/\/xn--vrstetter-miteinander-hec.de\/wp-content\/uploads\/2022\/08\/Mai-2015-146-150x150.jpg\" class=\"attachment-thumbnail size-thumbnail\" alt=\"\" \/><\/a>\n\t\t\t<\/dt><\/dl><br style=\"clear: both\" \/>\n\t\t<\/div>\n\n<\/div>\n<\/div>\n","protected":false},"excerpt":{"rendered":"<p>Bereits 2014 fand die erste Pflanzentauschb\u00f6rse\u00a0unter dem Motto &#8222;Suche Apfelbaum &#8211; Biete 2 Tulpenzwiebeln&#8220; nach der kreativen Idee und Gestaltung von Max Ro\u00dfkopf statt. Was eine\/r im Garten zuviel hat, macht jemand anderen gl\u00fccklich.\u00a0Getauscht konnte alles werden, das mann\/frau im &hellip; <a href=\"https:\/\/xn--vrstetter-miteinander-hec.de\/?page_id=2065\">Weiterlesen <span class=\"meta-nav\">&rarr;<\/span><\/a><\/p>\n","protected":false},"author":4,"featured_media":0,"parent":1931,"menu_order":0,"comment_status":"closed","ping_status":"closed","template":"onecolumn-page.php","meta":{"footnotes":""},"class_list":["post-2065","page","type-page","status-publish","hentry"],"_links":{"self":[{"href":"https:\/\/xn--vrstetter-miteinander-hec.de\/index.php?rest_route=\/wp\/v2\/pages\/2065","targetHints":{"allow":["GET"]}}],"collection":[{"href":"https:\/\/xn--vrstetter-miteinander-hec.de\/index.php?rest_route=\/wp\/v2\/pages"}],"about":[{"href":"https:\/\/xn--vrstetter-miteinander-hec.de\/index.php?rest_route=\/wp\/v2\/types\/page"}],"author":[{"embeddable":true,"href":"https:\/\/xn--vrstetter-miteinander-hec.de\/index.php?rest_route=\/wp\/v2\/users\/4"}],"replies":[{"embeddable":true,"href":"https:\/\/xn--vrstetter-miteinander-hec.de\/index.php?rest_route=%2Fwp%2Fv2%2Fcomments&post=2065"}],"version-history":[{"count":4,"href":"https:\/\/xn--vrstetter-miteinander-hec.de\/index.php?rest_route=\/wp\/v2\/pages\/2065\/revisions"}],"predecessor-version":[{"id":2069,"href":"https:\/\/xn--vrstetter-miteinander-hec.de\/index.php?rest_route=\/wp\/v2\/pages\/2065\/revisions\/2069"}],"up":[{"embeddable":true,"href":"https:\/\/xn--vrstetter-miteinander-hec.de\/index.php?rest_route=\/wp\/v2\/pages\/1931"}],"wp:attachment":[{"href":"https:\/\/xn--vrstetter-miteinander-hec.de\/index.php?rest_route=%2Fwp%2Fv2%2Fmedia&parent=2065"}],"curies":[{"name":"wp","href":"https:\/\/api.w.org\/{rel}","templated":true}]}}