{"id":2079,"date":"2022-08-24T20:27:12","date_gmt":"2022-08-24T18:27:12","guid":{"rendered":"https:\/\/xn--vrstetter-miteinander-hec.de\/?page_id=2079"},"modified":"2022-08-24T20:28:43","modified_gmt":"2022-08-24T18:28:43","slug":"osterbasteln","status":"publish","type":"page","link":"https:\/\/xn--vrstetter-miteinander-hec.de\/?page_id=2079","title":{"rendered":"Osterbasteln"},"content":{"rendered":"<p><a href=\"https:\/\/xn--vrstetter-miteinander-hec.de\/wp-content\/uploads\/2022\/07\/VOeMOstern2020.jpg\"><img loading=\"lazy\" decoding=\"async\" class=\"alignnone size-large wp-image-1951\" src=\"https:\/\/xn--vrstetter-miteinander-hec.de\/wp-content\/uploads\/2022\/07\/VOeMOstern2020-1024x819.jpg\" alt=\"\" width=\"640\" height=\"512\" srcset=\"https:\/\/xn--vrstetter-miteinander-hec.de\/wp-content\/uploads\/2022\/07\/VOeMOstern2020-1024x819.jpg 1024w, https:\/\/xn--vrstetter-miteinander-hec.de\/wp-content\/uploads\/2022\/07\/VOeMOstern2020-300x240.jpg 300w, https:\/\/xn--vrstetter-miteinander-hec.de\/wp-content\/uploads\/2022\/07\/VOeMOstern2020-768x614.jpg 768w, https:\/\/xn--vrstetter-miteinander-hec.de\/wp-content\/uploads\/2022\/07\/VOeMOstern2020.jpg 1390w\" sizes=\"auto, (max-width: 640px) 100vw, 640px\" \/><\/a><\/p>\n<p style=\"font-weight: 400;\">Auch vor Ostern wurde unser Begegnungsraum wieder zur Bastelwerkstatt. Wei\u00dfe Eier wurden marmoriert, mit Wachs und Eierfarben bearbeitet und mit Seidenpapier gef\u00e4rbt. Als Symbol des Fr\u00fchlings ist auch der Hase eine sch\u00f6ne Erg\u00e4nzung zu jedem Osterk\u00f6rbchen.<br \/>\nEgal, ob als festliche Deko in den eigenen vier W\u00e4nden oder als kleine Ostergeschenke und Mitbringsel an Freunde und Familie die Begeisterung bei Jung und Alt war garantiert.<\/p>\n<p style=\"font-weight: 400;\">Ideen und Anleitung von Waltraud Bayer und Irmhild Waibel<\/p>\n","protected":false},"excerpt":{"rendered":"<p>Auch vor Ostern wurde unser Begegnungsraum wieder zur Bastelwerkstatt. Wei\u00dfe Eier wurden marmoriert, mit Wachs und Eierfarben bearbeitet und mit Seidenpapier gef\u00e4rbt. Als Symbol des Fr\u00fchlings ist auch der Hase eine sch\u00f6ne Erg\u00e4nzung zu jedem Osterk\u00f6rbchen. Egal, ob als festliche &hellip; <a href=\"https:\/\/xn--vrstetter-miteinander-hec.de\/?page_id=2079\">Weiterlesen <span class=\"meta-nav\">&rarr;<\/span><\/a><\/p>\n","protected":false},"author":4,"featured_media":0,"parent":1931,"menu_order":0,"comment_status":"closed","ping_status":"closed","template":"onecolumn-page.php","meta":{"footnotes":""},"class_list":["post-2079","page","type-page","status-publish","hentry"],"_links":{"self":[{"href":"https:\/\/xn--vrstetter-miteinander-hec.de\/index.php?rest_route=\/wp\/v2\/pages\/2079","targetHints":{"allow":["GET"]}}],"collection":[{"href":"https:\/\/xn--vrstetter-miteinander-hec.de\/index.php?rest_route=\/wp\/v2\/pages"}],"about":[{"href":"https:\/\/xn--vrstetter-miteinander-hec.de\/index.php?rest_route=\/wp\/v2\/types\/page"}],"author":[{"embeddable":true,"href":"https:\/\/xn--vrstetter-miteinander-hec.de\/index.php?rest_route=\/wp\/v2\/users\/4"}],"replies":[{"embeddable":true,"href":"https:\/\/xn--vrstetter-miteinander-hec.de\/index.php?rest_route=%2Fwp%2Fv2%2Fcomments&post=2079"}],"version-history":[{"count":3,"href":"https:\/\/xn--vrstetter-miteinander-hec.de\/index.php?rest_route=\/wp\/v2\/pages\/2079\/revisions"}],"predecessor-version":[{"id":2082,"href":"https:\/\/xn--vrstetter-miteinander-hec.de\/index.php?rest_route=\/wp\/v2\/pages\/2079\/revisions\/2082"}],"up":[{"embeddable":true,"href":"https:\/\/xn--vrstetter-miteinander-hec.de\/index.php?rest_route=\/wp\/v2\/pages\/1931"}],"wp:attachment":[{"href":"https:\/\/xn--vrstetter-miteinander-hec.de\/index.php?rest_route=%2Fwp%2Fv2%2Fmedia&parent=2079"}],"curies":[{"name":"wp","href":"https:\/\/api.w.org\/{rel}","templated":true}]}}