{"id":2103,"date":"2022-09-11T15:01:37","date_gmt":"2022-09-11T13:01:37","guid":{"rendered":"https:\/\/xn--vrstetter-miteinander-hec.de\/?page_id=2103"},"modified":"2022-09-11T20:21:41","modified_gmt":"2022-09-11T18:21:41","slug":"anfahrt","status":"publish","type":"page","link":"https:\/\/xn--vrstetter-miteinander-hec.de\/?page_id=2103","title":{"rendered":"Anfahrt"},"content":{"rendered":"<p style=\"font-weight: 400;\"><strong>Ort der Veranstaltungen<\/strong> des V\u00f6rstetter Miteinander e.V.<\/p>\n<p>Begegnungsst\u00e4tte der Gemeinde V\u00f6rstetten &#8222;Pflege im Roteux-Quartier&#8220;,<\/p>\n<p>Am Roteux-Platz 2a, \u00a0statt.<\/p>\n<p><iframe loading=\"lazy\" style=\"border: 0;\" src=\"https:\/\/www.google.com\/maps\/embed?pb=!1m18!1m12!1m3!1d2666.234727644946!2d7.844228415766405!3d48.06711197921789!2m3!1f0!2f0!3f0!3m2!1i1024!2i768!4f13.1!3m3!1m2!1s0x479119050cc6e491%3A0xb40e1c4428157e90!2sAm%20Roteux-Platz%202a%2C%2079279%20V%C3%B6rstetten!5e0!3m2!1sde!2sde!4v1662901178666!5m2!1sde!2sde\" width=\"600\" height=\"450\" allowfullscreen=\"allowfullscreen\"><\/iframe><\/p>\n","protected":false},"excerpt":{"rendered":"<p>Ort der Veranstaltungen des V\u00f6rstetter Miteinander e.V. Begegnungsst\u00e4tte der Gemeinde V\u00f6rstetten &#8222;Pflege im Roteux-Quartier&#8220;, Am Roteux-Platz 2a, \u00a0statt.<\/p>\n","protected":false},"author":4,"featured_media":0,"parent":238,"menu_order":0,"comment_status":"closed","ping_status":"closed","template":"onecolumn-page.php","meta":{"footnotes":""},"class_list":["post-2103","page","type-page","status-publish","hentry"],"_links":{"self":[{"href":"https:\/\/xn--vrstetter-miteinander-hec.de\/index.php?rest_route=\/wp\/v2\/pages\/2103","targetHints":{"allow":["GET"]}}],"collection":[{"href":"https:\/\/xn--vrstetter-miteinander-hec.de\/index.php?rest_route=\/wp\/v2\/pages"}],"about":[{"href":"https:\/\/xn--vrstetter-miteinander-hec.de\/index.php?rest_route=\/wp\/v2\/types\/page"}],"author":[{"embeddable":true,"href":"https:\/\/xn--vrstetter-miteinander-hec.de\/index.php?rest_route=\/wp\/v2\/users\/4"}],"replies":[{"embeddable":true,"href":"https:\/\/xn--vrstetter-miteinander-hec.de\/index.php?rest_route=%2Fwp%2Fv2%2Fcomments&post=2103"}],"version-history":[{"count":7,"href":"https:\/\/xn--vrstetter-miteinander-hec.de\/index.php?rest_route=\/wp\/v2\/pages\/2103\/revisions"}],"predecessor-version":[{"id":2124,"href":"https:\/\/xn--vrstetter-miteinander-hec.de\/index.php?rest_route=\/wp\/v2\/pages\/2103\/revisions\/2124"}],"up":[{"embeddable":true,"href":"https:\/\/xn--vrstetter-miteinander-hec.de\/index.php?rest_route=\/wp\/v2\/pages\/238"}],"wp:attachment":[{"href":"https:\/\/xn--vrstetter-miteinander-hec.de\/index.php?rest_route=%2Fwp%2Fv2%2Fmedia&parent=2103"}],"curies":[{"name":"wp","href":"https:\/\/api.w.org\/{rel}","templated":true}]}}