{"id":2172,"date":"2022-12-28T17:26:54","date_gmt":"2022-12-28T16:26:54","guid":{"rendered":"https:\/\/xn--vrstetter-miteinander-hec.de\/?page_id=2172"},"modified":"2023-02-11T12:28:40","modified_gmt":"2023-02-11T11:28:40","slug":"2022-2","status":"publish","type":"page","link":"https:\/\/xn--vrstetter-miteinander-hec.de\/?page_id=2172","title":{"rendered":"2022"},"content":{"rendered":"<div>\n<h1><strong>Hier ein \u00dcberblick \u00fcber einige unserer\u00a0 Veranstaltungen im Jahr 2022<br \/>\n<\/strong><\/h1>\n<p>&nbsp;<\/p>\n<hr \/>\n<p><strong>Weihnachtszauber<\/strong><\/p>\n<p><a href=\"https:\/\/xn--vrstetter-miteinander-hec.de\/wp-content\/uploads\/2022\/12\/Weihnachtsbasteln20228.12-1.jpg\"><img loading=\"lazy\" decoding=\"async\" class=\"alignnone wp-image-2187 size-full\" src=\"https:\/\/xn--vrstetter-miteinander-hec.de\/wp-content\/uploads\/2022\/12\/Weihnachtsbasteln20228.12-1.jpg\" alt=\"\" width=\"1500\" height=\"1200\" srcset=\"https:\/\/xn--vrstetter-miteinander-hec.de\/wp-content\/uploads\/2022\/12\/Weihnachtsbasteln20228.12-1.jpg 1500w, https:\/\/xn--vrstetter-miteinander-hec.de\/wp-content\/uploads\/2022\/12\/Weihnachtsbasteln20228.12-1-300x240.jpg 300w, https:\/\/xn--vrstetter-miteinander-hec.de\/wp-content\/uploads\/2022\/12\/Weihnachtsbasteln20228.12-1-1024x819.jpg 1024w, https:\/\/xn--vrstetter-miteinander-hec.de\/wp-content\/uploads\/2022\/12\/Weihnachtsbasteln20228.12-1-768x614.jpg 768w\" sizes=\"auto, (max-width: 1500px) 100vw, 1500px\" \/><\/a><\/p>\n<p><strong>Am Donnerstag <\/strong><strong>8.12. um 15 Uhr<\/strong><\/p>\n<p>\u00f6ffneten sich die T\u00fcren f\u00fcr einen voll best\u00fcckten \u201eBastelsaal\u201c im Roteaux Quartier .<br \/>\nTeilnehmer aus vier Nationen fanden vielf\u00e4ltiges Material f\u00fcr kreative eigenen Ideen und vorgefertigte Beispiele von Irmhild und Barbara zum Nacharbeiten.<br \/>\nAn f\u00fcnf verschiedenen Tischen wurden die Basteleien angeboten: \u00a0Weihnachtskarten selbst gestalten, \u00a0verschiedene Weihnachtssterne, \u00a0Dekorationen mit Natur Materialien, Engel in verschiedener Form und Ausf\u00fchrungen und an einem Stoff Tisch konnten Geschenks\u00e4ckchen gen\u00e4ht\/gebastelt werden.<br \/>\nDeutsche, ukrainische, afghanische und syrische M\u00fctter und Gro\u00dfm\u00fctter haben sich bei der Arbeit richtig gut verstanden und unterst\u00fctzt.<br \/>\nEs waren alle voll konzentriert beim Basteln. So sind \u00a0viele kleine Kunstwerke entstanden. Zufrieden und mit vollen Taschen \u00a0&#8211; zum Teil noch mit halbfertigen Werkst\u00fccken zur sp\u00e4teren Fertigstellung \u00a0&#8211; \u00a0konnten alle nach Hause gehen.<br \/>\nEin sch\u00f6ner gemeinsamer Basteladventsnachmittag ging gl\u00fccklich zu Ende.<br \/>\nEin Dank geht an die Helfer Wilma R., Anne, Wilma S. und alle die beim Auf und Abbau geholfen haben.<\/p>\n<\/div>\n<hr \/>\n<p><a href=\"https:\/\/xn--vrstetter-miteinander-hec.de\/wp-content\/uploads\/2022\/12\/Von-Haus-zu-Haus-1.png\"><img loading=\"lazy\" decoding=\"async\" class=\"alignnone wp-image-2206 size-full\" src=\"https:\/\/xn--vrstetter-miteinander-hec.de\/wp-content\/uploads\/2022\/12\/Von-Haus-zu-Haus-1-e1672306728343.png\" alt=\"\" width=\"923\" height=\"699\" srcset=\"https:\/\/xn--vrstetter-miteinander-hec.de\/wp-content\/uploads\/2022\/12\/Von-Haus-zu-Haus-1-e1672306728343.png 923w, https:\/\/xn--vrstetter-miteinander-hec.de\/wp-content\/uploads\/2022\/12\/Von-Haus-zu-Haus-1-e1672306728343-300x227.png 300w, https:\/\/xn--vrstetter-miteinander-hec.de\/wp-content\/uploads\/2022\/12\/Von-Haus-zu-Haus-1-e1672306728343-768x582.png 768w\" sizes=\"auto, (max-width: 923px) 100vw, 923px\" \/><\/a><\/p>\n<p style=\"text-align: center;\">Quelle Von Haus zu Haus Ausgabe 49 vom 8.12.2022<\/p>\n<div>\n<hr \/>\n<h2><span class=\"A4\"><b>Trickbetr\u00fcger haben in V\u00f6rstetten jetzt weniger Chancen<\/b><\/span><\/h2>\n<p><span class=\"A4\">Immer wieder werden insbesondere \u00e4ltere Menschen von gewissenlosen Betr\u00fcgern um ihre Ersparnisse betrogen. Auch in V\u00f6rstetten mehrten sich die betr\u00fcgerischen Anrufe von falschen Polizisten. Auch vom Enkeltrick wurde berichtet.<\/span><\/p>\n<p><a href=\"https:\/\/xn--vrstetter-miteinander-hec.de\/wp-content\/uploads\/2022\/12\/28.11.2022-scaled.jpg\"><img loading=\"lazy\" decoding=\"async\" class=\"alignleft wp-image-2164 size-large\" src=\"https:\/\/xn--vrstetter-miteinander-hec.de\/wp-content\/uploads\/2022\/12\/28.11.2022-1024x584.jpg\" alt=\"\" width=\"640\" height=\"365\" srcset=\"https:\/\/xn--vrstetter-miteinander-hec.de\/wp-content\/uploads\/2022\/12\/28.11.2022-1024x584.jpg 1024w, https:\/\/xn--vrstetter-miteinander-hec.de\/wp-content\/uploads\/2022\/12\/28.11.2022-300x171.jpg 300w, https:\/\/xn--vrstetter-miteinander-hec.de\/wp-content\/uploads\/2022\/12\/28.11.2022-768x438.jpg 768w, https:\/\/xn--vrstetter-miteinander-hec.de\/wp-content\/uploads\/2022\/12\/28.11.2022-1536x877.jpg 1536w, https:\/\/xn--vrstetter-miteinander-hec.de\/wp-content\/uploads\/2022\/12\/28.11.2022-2048x1169.jpg 2048w\" sizes=\"auto, (max-width: 640px) 100vw, 640px\" \/><\/a><\/p>\n<p><span class=\"A4\">Dies nahm Irmhild Waibel vom \u201eV\u00f6rstetter miteinander\u201c zum Anlass vom POLIZEIPR\u00c4SIDIUM FREIBURG Referat Pr\u00e4vention Herrn Wagner einzuladen. In einem lebhaften Vortrag, mit vielen Beispielen und eingespielten Begebenheiten berichtete Herr Wagner am 29.11.2022 vor 38 aufmerksamen Zuh\u00f6rern \u00fcber die Vorgehensweise der T\u00e4terinnen und T\u00e4ter. <\/span>In sehr lebhaften Beispielen spiele er vor, wie die Gutgl\u00e4ubigkeit und Gespr\u00e4chsbereitschaft gerade \u00e4lterer Leute ausgenutzt wird.<br \/>\nSeine klare Ansage:<br \/>\nBei Geldforderungen und unbekannten Nummern \u2013 sofort auflegen.<\/p>\n<p><span class=\"A4\">Alle Teilnehmer bedankten sich und konnten mit fundiertem Grundlagenwissen und Tipps zufrieden nach Hause gehen.<br \/>\n\u201e Jetzt k\u00f6nnen wir uns vor Betr\u00fcgern sch\u00fctzen\u201c!<\/span><\/p>\n<\/div>\n<hr \/>\n<p><a href=\"https:\/\/xn--vrstetter-miteinander-hec.de\/wp-content\/uploads\/2022\/10\/Bildschirmfoto-2022-10-13-um-21.16.19.png\"><img loading=\"lazy\" decoding=\"async\" class=\"alignnone wp-image-2147 size-full\" src=\"https:\/\/xn--vrstetter-miteinander-hec.de\/wp-content\/uploads\/2022\/10\/Bildschirmfoto-2022-10-13-um-21.16.19.png\" alt=\"\" width=\"928\" height=\"1158\" srcset=\"https:\/\/xn--vrstetter-miteinander-hec.de\/wp-content\/uploads\/2022\/10\/Bildschirmfoto-2022-10-13-um-21.16.19.png 928w, https:\/\/xn--vrstetter-miteinander-hec.de\/wp-content\/uploads\/2022\/10\/Bildschirmfoto-2022-10-13-um-21.16.19-240x300.png 240w, https:\/\/xn--vrstetter-miteinander-hec.de\/wp-content\/uploads\/2022\/10\/Bildschirmfoto-2022-10-13-um-21.16.19-821x1024.png 821w, https:\/\/xn--vrstetter-miteinander-hec.de\/wp-content\/uploads\/2022\/10\/Bildschirmfoto-2022-10-13-um-21.16.19-768x958.png 768w\" sizes=\"auto, (max-width: 928px) 100vw, 928px\" \/><\/a><\/p>\n<div>\n<div class=\"page\" title=\"Page 11\">\n<div class=\"layoutArea\">\n<hr \/>\n<\/div>\n<\/div>\n<div>\n<div>\n<div id=\"attachment_2158\" style=\"width: 832px\" class=\"wp-caption alignleft\"><a href=\"https:\/\/xn--vrstetter-miteinander-hec.de\/wp-content\/uploads\/2022\/11\/Bildschirm\u00adfoto-2022-11-13-um-21.15.56.png\"><img loading=\"lazy\" decoding=\"async\" aria-describedby=\"caption-attachment-2158\" class=\"wp-image-2158 size-full\" src=\"https:\/\/xn--vrstetter-miteinander-hec.de\/wp-content\/uploads\/2022\/11\/Bildschirm\u00adfoto-2022-11-13-um-21.15.56.png\" alt=\"\" width=\"822\" height=\"786\" srcset=\"https:\/\/xn--vrstetter-miteinander-hec.de\/wp-content\/uploads\/2022\/11\/Bildschirm\u00adfoto-2022-11-13-um-21.15.56.png 822w, https:\/\/xn--vrstetter-miteinander-hec.de\/wp-content\/uploads\/2022\/11\/Bildschirm\u00adfoto-2022-11-13-um-21.15.56-300x287.png 300w, https:\/\/xn--vrstetter-miteinander-hec.de\/wp-content\/uploads\/2022\/11\/Bildschirm\u00adfoto-2022-11-13-um-21.15.56-768x734.png 768w\" sizes=\"auto, (max-width: 822px) 100vw, 822px\" \/><\/a><p id=\"caption-attachment-2158\" class=\"wp-caption-text\">Quelle: WZO Verlag 10.11.2022<\/p><\/div>\n<\/div>\n<div>\n<hr \/>\n<\/div>\n<\/div>\n<\/div>\n<div>\n<p><a href=\"https:\/\/xn--vrstetter-miteinander-hec.de\/wp-content\/uploads\/2023\/01\/20221011_160055-COLLAGE.jpg\"><img loading=\"lazy\" decoding=\"async\" class=\"alignnone wp-image-2217 size-full\" src=\"https:\/\/xn--vrstetter-miteinander-hec.de\/wp-content\/uploads\/2023\/01\/20221011_160055-COLLAGE.jpg\" alt=\"\" width=\"1024\" height=\"1024\" srcset=\"https:\/\/xn--vrstetter-miteinander-hec.de\/wp-content\/uploads\/2023\/01\/20221011_160055-COLLAGE.jpg 1024w, https:\/\/xn--vrstetter-miteinander-hec.de\/wp-content\/uploads\/2023\/01\/20221011_160055-COLLAGE-300x300.jpg 300w, https:\/\/xn--vrstetter-miteinander-hec.de\/wp-content\/uploads\/2023\/01\/20221011_160055-COLLAGE-150x150.jpg 150w, https:\/\/xn--vrstetter-miteinander-hec.de\/wp-content\/uploads\/2023\/01\/20221011_160055-COLLAGE-768x768.jpg 768w\" sizes=\"auto, (max-width: 1024px) 100vw, 1024px\" \/><\/a><\/p>\n<p>Ausstellung <strong>Rendezvous der Illusionen in der Kunsthalle\u00a0Messmer in Riegel<\/strong><\/p>\n<\/div>\n<div>Unsere Fahrt nach Riegel (mit dem Auto und mit dem Fahrrad) findet am <strong>Dienstag, 11. Oktober vormittags <\/strong>statt<strong><br \/>\n<\/strong><\/div>\n<div><\/div>\n<div>\n<hr \/>\n<\/div>\n<div><strong>Notfalltraining<\/strong><\/div>\n<h2>Zusammen mit Herrn Neininger, dem Kommandanten der Freiwilligen Feuerwehr und dem roten Kreuz veranstalten wir ein Notfalltraining<\/h2>\n<p style=\"text-align: center;\">Dienstag 27. 9. 2022<br \/>\n18:30 Uhr bis 22 Uhr<br \/>\nIm Rettungszentrum V\u00f6rstetten<\/p>\n<p><a href=\"https:\/\/xn--vrstetter-miteinander-hec.de\/wp-content\/uploads\/2022\/12\/Feuerwehr.jpg\"><img loading=\"lazy\" decoding=\"async\" class=\"alignnone wp-image-2184 size-full\" src=\"https:\/\/xn--vrstetter-miteinander-hec.de\/wp-content\/uploads\/2022\/12\/Feuerwehr.jpg\" alt=\"\" width=\"1094\" height=\"883\" srcset=\"https:\/\/xn--vrstetter-miteinander-hec.de\/wp-content\/uploads\/2022\/12\/Feuerwehr.jpg 1094w, https:\/\/xn--vrstetter-miteinander-hec.de\/wp-content\/uploads\/2022\/12\/Feuerwehr-300x242.jpg 300w, https:\/\/xn--vrstetter-miteinander-hec.de\/wp-content\/uploads\/2022\/12\/Feuerwehr-1024x827.jpg 1024w, https:\/\/xn--vrstetter-miteinander-hec.de\/wp-content\/uploads\/2022\/12\/Feuerwehr-768x620.jpg 768w\" sizes=\"auto, (max-width: 1094px) 100vw, 1094px\" \/><\/a><\/p>\n<div>\n<hr \/>\n<\/div>\n<p>August 2022<br \/>\nDie Hilfsbereitschaft der V\u00f6rstetter Bev\u00f6lkerung h\u00e4lt an und zeigt sich im regen Austausch mit den neuen ukrainischen Mitb\u00fcrgern. Zus\u00e4tzliche Deutschkurse und Gespr\u00e4chskreise in geselligem Rahmen konnten vom V\u00f6rstetter Miteinader organisiert und begleitet werden.<\/p>\n<p><a href=\"https:\/\/xn--vrstetter-miteinander-hec.de\/wp-content\/uploads\/2023\/01\/20220824_092328-COLLAGE.jpg\"><img loading=\"lazy\" decoding=\"async\" class=\"alignnone wp-image-2226 size-full\" src=\"https:\/\/xn--vrstetter-miteinander-hec.de\/wp-content\/uploads\/2023\/01\/20220824_092328-COLLAGE.jpg\" alt=\"\" width=\"1024\" height=\"1024\" srcset=\"https:\/\/xn--vrstetter-miteinander-hec.de\/wp-content\/uploads\/2023\/01\/20220824_092328-COLLAGE.jpg 1024w, https:\/\/xn--vrstetter-miteinander-hec.de\/wp-content\/uploads\/2023\/01\/20220824_092328-COLLAGE-300x300.jpg 300w, https:\/\/xn--vrstetter-miteinander-hec.de\/wp-content\/uploads\/2023\/01\/20220824_092328-COLLAGE-150x150.jpg 150w, https:\/\/xn--vrstetter-miteinander-hec.de\/wp-content\/uploads\/2023\/01\/20220824_092328-COLLAGE-768x768.jpg 768w\" sizes=\"auto, (max-width: 1024px) 100vw, 1024px\" \/><\/a><\/p>\n<p>Am 23. August 2022\u00a0 konnten sich die Anwesenden bei Flammkuchen und Getr\u00e4nken angeregt unterhalten und der Klaviermusik des ukrainischen Musikers Oleksandr Vorobyov lauschen. Spontan wurden auch zwei ukrainische Lieder zum Besten gegeben.<\/p>\n<p>Der gelungene Abend wurde mit gro\u00dfem Applaus bedacht.<\/p>\n<hr \/>\n<p>&nbsp;<\/p>\n<div id='gallery-1' class='gallery galleryid-2172 gallery-columns-3 gallery-size-thumbnail'><dl class='gallery-item'>\n\t\t\t<dt class='gallery-icon landscape'>\n\t\t\t\t<a href='https:\/\/xn--vrstetter-miteinander-hec.de\/?attachment_id=1980'><img loading=\"lazy\" decoding=\"async\" width=\"150\" height=\"150\" src=\"https:\/\/xn--vrstetter-miteinander-hec.de\/wp-content\/uploads\/2022\/08\/VOeM-IMG_6084-150x150.jpg\" class=\"attachment-thumbnail size-thumbnail\" alt=\"\" \/><\/a>\n\t\t\t<\/dt><\/dl><dl class='gallery-item'>\n\t\t\t<dt class='gallery-icon portrait'>\n\t\t\t\t<a href='https:\/\/xn--vrstetter-miteinander-hec.de\/?attachment_id=1979'><img loading=\"lazy\" decoding=\"async\" width=\"150\" height=\"150\" src=\"https:\/\/xn--vrstetter-miteinander-hec.de\/wp-content\/uploads\/2022\/08\/VOeM-ELUV9914-150x150.jpg\" class=\"attachment-thumbnail size-thumbnail\" alt=\"\" \/><\/a>\n\t\t\t<\/dt><\/dl><dl class='gallery-item'>\n\t\t\t<dt class='gallery-icon landscape'>\n\t\t\t\t<a href='https:\/\/xn--vrstetter-miteinander-hec.de\/?attachment_id=1981'><img loading=\"lazy\" decoding=\"async\" width=\"150\" height=\"150\" src=\"https:\/\/xn--vrstetter-miteinander-hec.de\/wp-content\/uploads\/2022\/08\/VOeM-IMG_6088-150x150.jpg\" class=\"attachment-thumbnail size-thumbnail\" alt=\"\" \/><\/a>\n\t\t\t<\/dt><\/dl><br style=\"clear: both\" \/>\n\t\t<\/div>\n\n<p>Viel Freude hatten zahlreiche Besucherinnen und Besucher bei &#8222;<strong>Kaffee, Kuchen und Offenem Singen<\/strong>&#8220; am Dienstag 2. August mit dem neu gegr\u00fcndeten generationen\u00fcbergreifenden Musik-Ensemble, das an diesem Tag eine glanzvolle Premiere hatte, die mit viel Applaus belohnt wurde.<\/p>\n<p>&nbsp;<\/p>\n<div>\n<hr \/>\n<\/div>\n<div id=\"attachment_1906\" style=\"width: 1476px\" class=\"wp-caption alignnone\"><a href=\"https:\/\/xn--vrstetter-miteinander-hec.de\/wp-content\/uploads\/2022\/07\/Bildschirmfoto-2022-07-07-um-22.14.29.png\" target=\"_blank\" rel=\"noopener\"><img loading=\"lazy\" decoding=\"async\" aria-describedby=\"caption-attachment-1906\" class=\"wp-image-1906 size-full\" src=\"https:\/\/xn--vrstetter-miteinander-hec.de\/wp-content\/uploads\/2022\/07\/Bildschirmfoto-2022-07-07-um-22.14.29.png\" alt=\"\" width=\"1466\" height=\"1420\" srcset=\"https:\/\/xn--vrstetter-miteinander-hec.de\/wp-content\/uploads\/2022\/07\/Bildschirmfoto-2022-07-07-um-22.14.29.png 1466w, https:\/\/xn--vrstetter-miteinander-hec.de\/wp-content\/uploads\/2022\/07\/Bildschirmfoto-2022-07-07-um-22.14.29-300x291.png 300w, https:\/\/xn--vrstetter-miteinander-hec.de\/wp-content\/uploads\/2022\/07\/Bildschirmfoto-2022-07-07-um-22.14.29-1024x992.png 1024w, https:\/\/xn--vrstetter-miteinander-hec.de\/wp-content\/uploads\/2022\/07\/Bildschirmfoto-2022-07-07-um-22.14.29-768x744.png 768w\" sizes=\"auto, (max-width: 1466px) 100vw, 1466px\" \/><\/a><p id=\"caption-attachment-1906\" class=\"wp-caption-text\">Quelle: WZO Verlag<\/p><\/div>\n<h3><\/h3>\n<h2><\/h2>\n","protected":false},"excerpt":{"rendered":"<p>Hier ein \u00dcberblick \u00fcber einige unserer\u00a0 Veranstaltungen im Jahr 2022 &nbsp; Weihnachtszauber Am Donnerstag 8.12. um 15 Uhr \u00f6ffneten sich die T\u00fcren f\u00fcr einen voll best\u00fcckten \u201eBastelsaal\u201c im Roteaux Quartier . Teilnehmer aus vier Nationen fanden vielf\u00e4ltiges Material f\u00fcr kreative &hellip; <a href=\"https:\/\/xn--vrstetter-miteinander-hec.de\/?page_id=2172\">Weiterlesen <span class=\"meta-nav\">&rarr;<\/span><\/a><\/p>\n","protected":false},"author":5,"featured_media":0,"parent":234,"menu_order":0,"comment_status":"closed","ping_status":"closed","template":"onecolumn-page.php","meta":{"footnotes":""},"class_list":["post-2172","page","type-page","status-publish","hentry"],"_links":{"self":[{"href":"https:\/\/xn--vrstetter-miteinander-hec.de\/index.php?rest_route=\/wp\/v2\/pages\/2172","targetHints":{"allow":["GET"]}}],"collection":[{"href":"https:\/\/xn--vrstetter-miteinander-hec.de\/index.php?rest_route=\/wp\/v2\/pages"}],"about":[{"href":"https:\/\/xn--vrstetter-miteinander-hec.de\/index.php?rest_route=\/wp\/v2\/types\/page"}],"author":[{"embeddable":true,"href":"https:\/\/xn--vrstetter-miteinander-hec.de\/index.php?rest_route=\/wp\/v2\/users\/5"}],"replies":[{"embeddable":true,"href":"https:\/\/xn--vrstetter-miteinander-hec.de\/index.php?rest_route=%2Fwp%2Fv2%2Fcomments&post=2172"}],"version-history":[{"count":17,"href":"https:\/\/xn--vrstetter-miteinander-hec.de\/index.php?rest_route=\/wp\/v2\/pages\/2172\/revisions"}],"predecessor-version":[{"id":2227,"href":"https:\/\/xn--vrstetter-miteinander-hec.de\/index.php?rest_route=\/wp\/v2\/pages\/2172\/revisions\/2227"}],"up":[{"embeddable":true,"href":"https:\/\/xn--vrstetter-miteinander-hec.de\/index.php?rest_route=\/wp\/v2\/pages\/234"}],"wp:attachment":[{"href":"https:\/\/xn--vrstetter-miteinander-hec.de\/index.php?rest_route=%2Fwp%2Fv2%2Fmedia&parent=2172"}],"curies":[{"name":"wp","href":"https:\/\/api.w.org\/{rel}","templated":true}]}}