{"id":241,"date":"2015-09-24T21:22:05","date_gmt":"2015-09-24T19:22:05","guid":{"rendered":"http:\/\/xn--vrstetter-miteinander-hec.de\/?page_id=241"},"modified":"2022-07-28T22:23:13","modified_gmt":"2022-07-28T20:23:13","slug":"beitrittserklaerung","status":"publish","type":"page","link":"https:\/\/xn--vrstetter-miteinander-hec.de\/?page_id=241","title":{"rendered":"Beitrittsformular"},"content":{"rendered":"<p>Hier k\u00f6nnen Sie Mitglied werden &#8211;<\/p>\n<p>bitte den nachstehenden Link anklicken,\u00a0ausdrucken\u00a0und mit Ihrer Unterschrift versehen senden an:<\/p>\n<p><strong>V\u00f6rstetter Miteinander e.V., Freiburger Stra\u00dfe 2, 79279 V\u00f6rstetten<\/strong><\/p>\n<p><a href=\"https:\/\/xn--vrstetter-miteinander-hec.de\/wp-content\/uploads\/2022\/07\/Flyer_Miteinander_02.pdf\" target=\"_blank\" rel=\"noopener\">Flyer und Beitrittsformular<\/a><\/p>\n<p><a href=\"http:\/\/xn--vrstetter-miteinander-hec.de\/wp-content\/uploads\/2015\/09\/Beitrittsformular.pdf\" target=\"_blank\" rel=\"noopener\">Beitrittsformular<\/a><\/p>\n<p><a href=\"http:\/\/www.xn--vrstetter-miteinander-hec.de\/wp-content\/uploads\/2021\/03\/Datenschutzgrund..28072020.pdf\" target=\"_blank\" rel=\"attachment noopener wp-att-1727\">Information zum Umgang mit personenbezogenen Daten<\/a><\/p>\n","protected":false},"excerpt":{"rendered":"<p>Hier k\u00f6nnen Sie Mitglied werden &#8211; bitte den nachstehenden Link anklicken,\u00a0ausdrucken\u00a0und mit Ihrer Unterschrift versehen senden an: V\u00f6rstetter Miteinander e.V., Freiburger Stra\u00dfe 2, 79279 V\u00f6rstetten Flyer und Beitrittsformular Beitrittsformular Information zum Umgang mit personenbezogenen Daten<\/p>\n","protected":false},"author":4,"featured_media":0,"parent":238,"menu_order":50,"comment_status":"closed","ping_status":"closed","template":"onecolumn-page.php","meta":{"footnotes":""},"class_list":["post-241","page","type-page","status-publish","hentry"],"_links":{"self":[{"href":"https:\/\/xn--vrstetter-miteinander-hec.de\/index.php?rest_route=\/wp\/v2\/pages\/241","targetHints":{"allow":["GET"]}}],"collection":[{"href":"https:\/\/xn--vrstetter-miteinander-hec.de\/index.php?rest_route=\/wp\/v2\/pages"}],"about":[{"href":"https:\/\/xn--vrstetter-miteinander-hec.de\/index.php?rest_route=\/wp\/v2\/types\/page"}],"author":[{"embeddable":true,"href":"https:\/\/xn--vrstetter-miteinander-hec.de\/index.php?rest_route=\/wp\/v2\/users\/4"}],"replies":[{"embeddable":true,"href":"https:\/\/xn--vrstetter-miteinander-hec.de\/index.php?rest_route=%2Fwp%2Fv2%2Fcomments&post=241"}],"version-history":[{"count":13,"href":"https:\/\/xn--vrstetter-miteinander-hec.de\/index.php?rest_route=\/wp\/v2\/pages\/241\/revisions"}],"predecessor-version":[{"id":1913,"href":"https:\/\/xn--vrstetter-miteinander-hec.de\/index.php?rest_route=\/wp\/v2\/pages\/241\/revisions\/1913"}],"up":[{"embeddable":true,"href":"https:\/\/xn--vrstetter-miteinander-hec.de\/index.php?rest_route=\/wp\/v2\/pages\/238"}],"wp:attachment":[{"href":"https:\/\/xn--vrstetter-miteinander-hec.de\/index.php?rest_route=%2Fwp%2Fv2%2Fmedia&parent=241"}],"curies":[{"name":"wp","href":"https:\/\/api.w.org\/{rel}","templated":true}]}}